{"id":2819,"date":"2024-04-12T13:02:43","date_gmt":"2024-04-12T13:02:43","guid":{"rendered":"https:\/\/grafiksestudio.com\/contacte\/"},"modified":"2024-10-22T08:30:23","modified_gmt":"2024-10-22T08:30:23","slug":"contacte","status":"publish","type":"page","link":"https:\/\/grafiksestudio.com\/ca\/contacte\/","title":{"rendered":"Contacte"},"content":{"rendered":"\t\t<div data-elementor-type=\"wp-page\" data-elementor-id=\"2819\" class=\"elementor elementor-2819 elementor-799\" data-elementor-post-type=\"page\">\n\t\t\t\t<div class=\"elementor-element elementor-element-3ae1ad8 e-flex e-con-boxed qodef-elementor-content-no e-con e-parent\" data-id=\"3ae1ad8\" data-element_type=\"container\" data-e-type=\"container\" data-settings=\"{&quot;background_background&quot;:&quot;classic&quot;}\">\n\t\t\t\t\t<div class=\"e-con-inner\">\n\t\t\t\t<div class=\"elementor-element elementor-element-0efa6ef elementor-widget elementor-widget-heading\" data-id=\"0efa6ef\" data-element_type=\"widget\" data-e-type=\"widget\" data-widget_type=\"heading.default\">\n\t\t\t\t<div class=\"elementor-widget-container\">\n\t\t\t\t\t<h2 class=\"elementor-heading-title elementor-size-default\">CONTACTA AMB NOSALTRES<\/h2>\t\t\t\t<\/div>\n\t\t\t\t<\/div>\n\t\t\t\t<div class=\"elementor-element elementor-element-8502c2f elementor-widget elementor-widget-text-editor\" data-id=\"8502c2f\" data-element_type=\"widget\" data-e-type=\"widget\" data-widget_type=\"text-editor.default\">\n\t\t\t\t<div class=\"elementor-widget-container\">\n\t\t\t\t\t\t\t\t\t<p>GRAFIKS ESTUDIO<\/p>\n\t\t\t\t\t\t\t\t<\/div>\n\t\t\t\t<\/div>\n\t\t\t\t\t<\/div>\n\t\t\t\t<\/div>\n\t\t<div class=\"elementor-element elementor-element-8894028 e-flex e-con-boxed qodef-elementor-content-no e-con e-parent\" data-id=\"8894028\" data-element_type=\"container\" data-e-type=\"container\">\n\t\t\t\t\t<div class=\"e-con-inner\">\n\t\t\t\t<div class=\"elementor-element elementor-element-0b43beb elementor-widget elementor-widget-text-editor\" data-id=\"0b43beb\" data-element_type=\"widget\" data-e-type=\"widget\" data-widget_type=\"text-editor.default\">\n\t\t\t\t<div class=\"elementor-widget-container\">\n\t\t\t\t\t\t\t\t\t<div class=\"container\">\n<div class=\"row white_box_40\">\n<div class=\"col-md-12\">\n<div class=\"\">\n<p class=\"texto_general\">Contacta amb nosaltres a trav\u00e9s de les nostres dades de contacte adjuntes o tamb\u00e9 amb el formulari a sota indicat i estarem encantats de poder ajudar-te en qualsevol treball de retolaci\u00f3 que necessitis. El nostre equip comercial t&#8217;atendr\u00e0 el m\u00e9s aviat possible amb una soluci\u00f3 adequada per a tu. <\/p>\n<p class=\"texto_general\">Si us plau cal emplenar les dades del nostre formulari per poder respondre correctament a la teva sol\u00b7licitud.<\/p>\n<\/div>\n<\/div>\n<\/div>\n<\/div>\n\t\t\t\t\t\t\t\t<\/div>\n\t\t\t\t<\/div>\n\t\t\t\t<div class=\"elementor-element elementor-element-aab2c14 elementor-widget elementor-widget-text-editor\" data-id=\"aab2c14\" data-element_type=\"widget\" data-e-type=\"widget\" data-widget_type=\"text-editor.default\">\n\t\t\t\t<div class=\"elementor-widget-container\">\n\t\t\t\t\t\t\t\t\t<div class=\"container\">\n<div class=\"row white_box_40\">\n<div class=\"col-md-12\">\n<div class=\"\">\n<p class=\"texto_general\">T&#8217;esperem!<\/p>\n<\/div>\n<\/div>\n<\/div>\n<\/div>\n\t\t\t\t\t\t\t\t<\/div>\n\t\t\t\t<\/div>\n\t\t\t\t\t<\/div>\n\t\t\t\t<\/div>\n\t\t<div class=\"elementor-element elementor-element-16fb29e e-flex e-con-boxed qodef-elementor-content-no e-con e-parent\" data-id=\"16fb29e\" data-element_type=\"container\" data-e-type=\"container\">\n\t\t\t\t\t<div class=\"e-con-inner\">\n\t\t<div class=\"elementor-element elementor-element-1eaf01e e-con-full e-flex qodef-elementor-content-no e-con e-child\" data-id=\"1eaf01e\" data-element_type=\"container\" data-e-type=\"container\">\n\t\t\t\t<div class=\"elementor-element elementor-element-82c8af3 elementor-view-default elementor-widget elementor-widget-icon\" data-id=\"82c8af3\" data-element_type=\"widget\" data-e-type=\"widget\" data-widget_type=\"icon.default\">\n\t\t\t\t<div class=\"elementor-widget-container\">\n\t\t\t\t\t\t\t<div class=\"elementor-icon-wrapper\">\n\t\t\t<div class=\"elementor-icon\">\n\t\t\t<svg aria-hidden=\"true\" class=\"e-font-icon-svg e-fas-directions\" viewBox=\"0 0 512 512\" xmlns=\"http:\/\/www.w3.org\/2000\/svg\"><path d=\"M502.61 233.32L278.68 9.39c-12.52-12.52-32.83-12.52-45.36 0L9.39 233.32c-12.52 12.53-12.52 32.83 0 45.36l223.93 223.93c12.52 12.53 32.83 12.53 45.36 0l223.93-223.93c12.52-12.53 12.52-32.83 0-45.36zm-100.98 12.56l-84.21 77.73c-5.12 4.73-13.43 1.1-13.43-5.88V264h-96v64c0 4.42-3.58 8-8 8h-32c-4.42 0-8-3.58-8-8v-80c0-17.67 14.33-32 32-32h112v-53.73c0-6.97 8.3-10.61 13.43-5.88l84.21 77.73c3.43 3.17 3.43 8.59 0 11.76z\"><\/path><\/svg>\t\t\t<\/div>\n\t\t<\/div>\n\t\t\t\t\t\t<\/div>\n\t\t\t\t<\/div>\n\t\t\t\t<div class=\"elementor-element elementor-element-63c2c96 elementor-widget elementor-widget-text-editor\" data-id=\"63c2c96\" data-element_type=\"widget\" data-e-type=\"widget\" data-widget_type=\"text-editor.default\">\n\t\t\t\t<div class=\"elementor-widget-container\">\n\t\t\t\t\t\t\t\t\t<div class=\"container\">\n<div class=\"row white_box_40\">\n<div class=\"col-md-12\">\n<div class=\"\">\n<p class=\"texto_general\">ADRE\u00c7A<\/p>\n<\/div>\n<\/div>\n<\/div>\n<\/div>\n\t\t\t\t\t\t\t\t<\/div>\n\t\t\t\t<\/div>\n\t\t\t\t<div class=\"elementor-element elementor-element-2f907fb elementor-widget elementor-widget-text-editor\" data-id=\"2f907fb\" data-element_type=\"widget\" data-e-type=\"widget\" data-widget_type=\"text-editor.default\">\n\t\t\t\t<div class=\"elementor-widget-container\">\n\t\t\t\t\t\t\t\t\t<div class=\"container\">\n<div class=\"row white_box_40\">\n<div class=\"col-md-12\">\n<div class=\"\">\n<p class=\"texto_general\"><span style=\"color: #000000;\"><a class=\"links_contacto\" style=\"color: #000000;\" href=\"https:\/\/goo.gl\/maps\/2WmPxSHGHLT2\" target=\"_blank\" rel=\"noopener\">C\/Tirso de Molina, 36.Nave 1<br \/>08940 Cornell\u00e1 Barcelona<\/a><\/span><\/p>\n<\/div>\n<\/div>\n<\/div>\n<\/div>\n\t\t\t\t\t\t\t\t<\/div>\n\t\t\t\t<\/div>\n\t\t\t\t<\/div>\n\t\t<div class=\"elementor-element elementor-element-2574a8a e-con-full e-flex qodef-elementor-content-no e-con e-child\" data-id=\"2574a8a\" data-element_type=\"container\" data-e-type=\"container\">\n\t\t\t\t<div class=\"elementor-element elementor-element-7eef590 elementor-view-default elementor-widget elementor-widget-icon\" data-id=\"7eef590\" data-element_type=\"widget\" data-e-type=\"widget\" data-widget_type=\"icon.default\">\n\t\t\t\t<div class=\"elementor-widget-container\">\n\t\t\t\t\t\t\t<div class=\"elementor-icon-wrapper\">\n\t\t\t<div class=\"elementor-icon\">\n\t\t\t<svg aria-hidden=\"true\" class=\"e-font-icon-svg e-fas-phone\" viewBox=\"0 0 512 512\" xmlns=\"http:\/\/www.w3.org\/2000\/svg\"><path d=\"M493.4 24.6l-104-24c-11.3-2.6-22.9 3.3-27.5 13.9l-48 112c-4.2 9.8-1.4 21.3 6.9 28l60.6 49.6c-36 76.7-98.9 140.5-177.2 177.2l-49.6-60.6c-6.8-8.3-18.2-11.1-28-6.9l-112 48C3.9 366.5-2 378.1.6 389.4l24 104C27.1 504.2 36.7 512 48 512c256.1 0 464-207.5 464-464 0-11.2-7.7-20.9-18.6-23.4z\"><\/path><\/svg>\t\t\t<\/div>\n\t\t<\/div>\n\t\t\t\t\t\t<\/div>\n\t\t\t\t<\/div>\n\t\t\t\t<div class=\"elementor-element elementor-element-d1326b1 elementor-widget elementor-widget-text-editor\" data-id=\"d1326b1\" data-element_type=\"widget\" data-e-type=\"widget\" data-widget_type=\"text-editor.default\">\n\t\t\t\t<div class=\"elementor-widget-container\">\n\t\t\t\t\t\t\t\t\t<div class=\"container\">\n<div class=\"row white_box_40\">\n<div class=\"col-md-12\">\n<div class=\"\">\n<p class=\"texto_general\">TRUCA&#8217;NS<\/p>\n<\/div>\n<\/div>\n<\/div>\n<\/div>\n\t\t\t\t\t\t\t\t<\/div>\n\t\t\t\t<\/div>\n\t\t\t\t<div class=\"elementor-element elementor-element-d93b138 elementor-widget elementor-widget-text-editor\" data-id=\"d93b138\" data-element_type=\"widget\" data-e-type=\"widget\" data-widget_type=\"text-editor.default\">\n\t\t\t\t<div class=\"elementor-widget-container\">\n\t\t\t\t\t\t\t\t\t<div class=\"container\"><div class=\"row white_box_40\"><div class=\"col-md-12\"><div class=\"\"><p class=\"texto_general\"><span style=\"color: #000000;\"><a class=\"links_contacto\" style=\"color: #000000;\" href=\"tel:934715360\">Truca&#8217;ns per a qualsevol dubte<br \/>Tlf. 934 715 360\u00a0<\/a><\/span><\/p><\/div><\/div><\/div><\/div>\t\t\t\t\t\t\t\t<\/div>\n\t\t\t\t<\/div>\n\t\t\t\t<\/div>\n\t\t<div class=\"elementor-element elementor-element-b62d4b3 e-con-full e-flex qodef-elementor-content-no e-con e-child\" data-id=\"b62d4b3\" data-element_type=\"container\" data-e-type=\"container\">\n\t\t\t\t<div class=\"elementor-element elementor-element-68dae4b elementor-view-default elementor-widget elementor-widget-icon\" data-id=\"68dae4b\" data-element_type=\"widget\" data-e-type=\"widget\" data-widget_type=\"icon.default\">\n\t\t\t\t<div class=\"elementor-widget-container\">\n\t\t\t\t\t\t\t<div class=\"elementor-icon-wrapper\">\n\t\t\t<div class=\"elementor-icon\">\n\t\t\t<svg aria-hidden=\"true\" class=\"e-font-icon-svg e-fas-mail-bulk\" viewBox=\"0 0 576 512\" xmlns=\"http:\/\/www.w3.org\/2000\/svg\"><path d=\"M160 448c-25.6 0-51.2-22.4-64-32-64-44.8-83.2-60.8-96-70.4V480c0 17.67 14.33 32 32 32h256c17.67 0 32-14.33 32-32V345.6c-12.8 9.6-32 25.6-96 70.4-12.8 9.6-38.4 32-64 32zm128-192H32c-17.67 0-32 14.33-32 32v16c25.6 19.2 22.4 19.2 115.2 86.4 9.6 6.4 28.8 25.6 44.8 25.6s35.2-19.2 44.8-22.4c92.8-67.2 89.6-67.2 115.2-86.4V288c0-17.67-14.33-32-32-32zm256-96H224c-17.67 0-32 14.33-32 32v32h96c33.21 0 60.59 25.42 63.71 57.82l.29-.22V416h192c17.67 0 32-14.33 32-32V192c0-17.67-14.33-32-32-32zm-32 128h-64v-64h64v64zm-352-96c0-35.29 28.71-64 64-64h224V32c0-17.67-14.33-32-32-32H96C78.33 0 64 14.33 64 32v192h96v-32z\"><\/path><\/svg>\t\t\t<\/div>\n\t\t<\/div>\n\t\t\t\t\t\t<\/div>\n\t\t\t\t<\/div>\n\t\t\t\t<div class=\"elementor-element elementor-element-5193eb3 elementor-widget elementor-widget-text-editor\" data-id=\"5193eb3\" data-element_type=\"widget\" data-e-type=\"widget\" data-widget_type=\"text-editor.default\">\n\t\t\t\t<div class=\"elementor-widget-container\">\n\t\t\t\t\t\t\t\t\t<div class=\"container\">\n<div class=\"row white_box_40\">\n<div class=\"col-md-12\">\n<div class=\"\">\n<p class=\"texto_general\">ESCRIU-NOS<\/p>\n<\/div>\n<\/div>\n<\/div>\n<\/div>\n\t\t\t\t\t\t\t\t<\/div>\n\t\t\t\t<\/div>\n\t\t\t\t<div class=\"elementor-element elementor-element-127cd85 elementor-widget elementor-widget-text-editor\" data-id=\"127cd85\" data-element_type=\"widget\" data-e-type=\"widget\" data-widget_type=\"text-editor.default\">\n\t\t\t\t<div class=\"elementor-widget-container\">\n\t\t\t\t\t\t\t\t\t<div class=\"container\">\n<div class=\"row white_box_40\">\n<div class=\"col-md-12\">\n<div class=\"\">\n<p class=\"texto_general\"><span style=\"color: #000000;\"><a class=\"links_contacto\" style=\"color: #000000;\" href=\"mailto:grafiks@grafiksestudio.com\">Contacta&#8217;ns per mail<br \/>grafiks@grafiksestudio.com<\/a><\/span><\/p>\n<\/div>\n<\/div>\n<\/div>\n<\/div>\n\t\t\t\t\t\t\t\t<\/div>\n\t\t\t\t<\/div>\n\t\t\t\t<\/div>\n\t\t\t\t\t<\/div>\n\t\t\t\t<\/div>\n\t\t<div class=\"elementor-element elementor-element-861d6d3 e-flex e-con-boxed qodef-elementor-content-no e-con e-parent\" data-id=\"861d6d3\" data-element_type=\"container\" data-e-type=\"container\">\n\t\t\t\t\t<div class=\"e-con-inner\">\n\t\t\t\t<div class=\"elementor-element elementor-element-806f7e2 elementor-widget elementor-widget-spacer\" data-id=\"806f7e2\" data-element_type=\"widget\" data-e-type=\"widget\" data-widget_type=\"spacer.default\">\n\t\t\t\t<div class=\"elementor-widget-container\">\n\t\t\t\t\t\t\t<div class=\"elementor-spacer\">\n\t\t\t<div class=\"elementor-spacer-inner\"><\/div>\n\t\t<\/div>\n\t\t\t\t\t\t<\/div>\n\t\t\t\t<\/div>\n\t\t\t\t<div class=\"elementor-element elementor-element-165ba9e elementor-widget elementor-widget-heading\" data-id=\"165ba9e\" data-element_type=\"widget\" data-e-type=\"widget\" data-widget_type=\"heading.default\">\n\t\t\t\t<div class=\"elementor-widget-container\">\n\t\t\t\t\t<h2 class=\"elementor-heading-title elementor-size-default\">FORMULARI DE CONTACTE<\/h2>\t\t\t\t<\/div>\n\t\t\t\t<\/div>\n\t\t<div class=\"elementor-element elementor-element-4d44914 e-flex e-con-boxed qodef-elementor-content-no e-con e-child\" data-id=\"4d44914\" data-element_type=\"container\" data-e-type=\"container\">\n\t\t\t\t\t<div class=\"e-con-inner\">\n\t\t\t\t<div class=\"elementor-element elementor-element-06307c5 elementor-widget__width-initial elementor-widget elementor-widget-html\" data-id=\"06307c5\" data-element_type=\"widget\" data-e-type=\"widget\" data-widget_type=\"html.default\">\n\t\t\t\t<div class=\"elementor-widget-container\">\n\t\t\t\t\t<iframe src=\"https:\/\/api.leadconnectorhq.com\/widget\/form\/rK36erbGdbQlsdr9xnZF\" style=\"width:100%;height:100%;border:none;border-radius:4px\" id=\"inline-rK36erbGdbQlsdr9xnZF\" data-layout=\"{'id':'INLINE'}\" data-trigger-type=\"alwaysShow\" data-trigger-value=\"\" data-activation-type=\"alwaysActivated\" data-activation-value=\"\" data-deactivation-type=\"neverDeactivate\" data-deactivation-value=\"\" data-form-name=\"Formulario de Contacto\" data-height=\"643\" data-layout-iframe-id=\"inline-rK36erbGdbQlsdr9xnZF\" data-form-id=\"rK36erbGdbQlsdr9xnZF\" title=\"Formulari de contacte\">\n<\/iframe>\n<script src=\"https:\/\/link.msgsndr.com\/js\/form_embed.js\"><\/script>\t\t\t\t<\/div>\n\t\t\t\t<\/div>\n\t\t\t\t\t<\/div>\n\t\t\t\t<\/div>\n\t\t\t\t\t<\/div>\n\t\t\t\t<\/div>\n\t\t\t\t<\/div>\n\t\t","protected":false},"excerpt":{"rendered":"<p>CONTACTA AMB NOSALTRES GRAFIKS ESTUDIO Contacta amb nosaltres a trav\u00e9s de les nostres dades de contacte adjuntes o tamb\u00e9 amb el formulari a sota indicat i estarem encantats de poder ajudar-te en qualsevol treball de retolaci\u00f3 que necessitis. El nostre equip comercial t&#8217;atendr\u00e0 el m\u00e9s aviat possible amb una soluci\u00f3 adequada per a tu. Si [&hellip;]<\/p>\n","protected":false},"author":2,"featured_media":2757,"parent":0,"menu_order":0,"comment_status":"closed","ping_status":"closed","template":"","meta":{"_joinchat":[],"footnotes":""},"class_list":["post-2819","page","type-page","status-publish","has-post-thumbnail","hentry"],"yoast_head":"<!-- This site is optimized with the Yoast SEO plugin v27.3 - https:\/\/yoast.com\/product\/yoast-seo-wordpress\/ -->\n<title>Contacte - Grafiks Estudio<\/title>\n<meta name=\"description\" content=\"Contacta amb nosaltres, el nostre equip comercial t&#039;atendr\u00e0 el m\u00e9s aviat possible amb una soluci\u00f3 adequada per a tu.\" \/>\n<meta name=\"robots\" content=\"index, follow, max-snippet:-1, max-image-preview:large, max-video-preview:-1\" \/>\n<link rel=\"canonical\" href=\"https:\/\/grafiksestudio.com\/ca\/contacte\/\" \/>\n<meta property=\"og:locale\" content=\"ca_ES\" \/>\n<meta property=\"og:type\" content=\"article\" \/>\n<meta property=\"og:title\" content=\"Contacte - Grafiks Estudio\" \/>\n<meta property=\"og:description\" content=\"Contacta amb nosaltres, el nostre equip comercial t&#039;atendr\u00e0 el m\u00e9s aviat possible amb una soluci\u00f3 adequada per a tu.\" \/>\n<meta property=\"og:url\" content=\"https:\/\/grafiksestudio.com\/ca\/contacte\/\" \/>\n<meta property=\"og:site_name\" content=\"Grafiks\" \/>\n<meta property=\"article:publisher\" content=\"https:\/\/www.facebook.com\/GFKGrafiksestudio\" \/>\n<meta property=\"article:modified_time\" content=\"2024-10-22T08:30:23+00:00\" \/>\n<meta property=\"og:image\" content=\"https:\/\/grafiksestudio.com\/wp-content\/uploads\/2024\/04\/Diseno-sin-titulo-e1712829948275.jpg\" \/>\n\t<meta property=\"og:image:width\" content=\"723\" \/>\n\t<meta property=\"og:image:height\" content=\"723\" \/>\n\t<meta property=\"og:image:type\" content=\"image\/jpeg\" \/>\n<meta name=\"twitter:card\" content=\"summary_large_image\" \/>\n<meta name=\"twitter:label1\" content=\"Temps estimat de lectura\" \/>\n\t<meta name=\"twitter:data1\" content=\"1 minut\" \/>\n<script type=\"application\/ld+json\" class=\"yoast-schema-graph\">{\"@context\":\"https:\\\/\\\/schema.org\",\"@graph\":[{\"@type\":\"WebPage\",\"@id\":\"https:\\\/\\\/grafiksestudio.com\\\/ca\\\/contacte\\\/\",\"url\":\"https:\\\/\\\/grafiksestudio.com\\\/ca\\\/contacte\\\/\",\"name\":\"Contacte - Grafiks Estudio\",\"isPartOf\":{\"@id\":\"https:\\\/\\\/grafiksestudio.com\\\/ca\\\/#website\"},\"primaryImageOfPage\":{\"@id\":\"https:\\\/\\\/grafiksestudio.com\\\/ca\\\/contacte\\\/#primaryimage\"},\"image\":{\"@id\":\"https:\\\/\\\/grafiksestudio.com\\\/ca\\\/contacte\\\/#primaryimage\"},\"thumbnailUrl\":\"https:\\\/\\\/grafiksestudio.com\\\/wp-content\\\/uploads\\\/2024\\\/04\\\/Diseno-sin-titulo-e1712829948275.jpg\",\"datePublished\":\"2024-04-12T13:02:43+00:00\",\"dateModified\":\"2024-10-22T08:30:23+00:00\",\"description\":\"Contacta amb nosaltres, el nostre equip comercial t'atendr\u00e0 el m\u00e9s aviat possible amb una soluci\u00f3 adequada per a tu.\",\"breadcrumb\":{\"@id\":\"https:\\\/\\\/grafiksestudio.com\\\/ca\\\/contacte\\\/#breadcrumb\"},\"inLanguage\":\"ca\",\"potentialAction\":[{\"@type\":\"ReadAction\",\"target\":[\"https:\\\/\\\/grafiksestudio.com\\\/ca\\\/contacte\\\/\"]}]},{\"@type\":\"ImageObject\",\"inLanguage\":\"ca\",\"@id\":\"https:\\\/\\\/grafiksestudio.com\\\/ca\\\/contacte\\\/#primaryimage\",\"url\":\"https:\\\/\\\/grafiksestudio.com\\\/wp-content\\\/uploads\\\/2024\\\/04\\\/Diseno-sin-titulo-e1712829948275.jpg\",\"contentUrl\":\"https:\\\/\\\/grafiksestudio.com\\\/wp-content\\\/uploads\\\/2024\\\/04\\\/Diseno-sin-titulo-e1712829948275.jpg\",\"width\":723,\"height\":723},{\"@type\":\"BreadcrumbList\",\"@id\":\"https:\\\/\\\/grafiksestudio.com\\\/ca\\\/contacte\\\/#breadcrumb\",\"itemListElement\":[{\"@type\":\"ListItem\",\"position\":1,\"name\":\"Portada\",\"item\":\"https:\\\/\\\/grafiksestudio.com\\\/ca\\\/home\\\/\"},{\"@type\":\"ListItem\",\"position\":2,\"name\":\"Contacte\"}]},{\"@type\":\"WebSite\",\"@id\":\"https:\\\/\\\/grafiksestudio.com\\\/ca\\\/#website\",\"url\":\"https:\\\/\\\/grafiksestudio.com\\\/ca\\\/\",\"name\":\"Grafiks\",\"description\":\"Servicios integrales de rotulaci\u00f3n\",\"publisher\":{\"@id\":\"https:\\\/\\\/grafiksestudio.com\\\/ca\\\/#organization\"},\"alternateName\":\"Grafiks\",\"potentialAction\":[{\"@type\":\"SearchAction\",\"target\":{\"@type\":\"EntryPoint\",\"urlTemplate\":\"https:\\\/\\\/grafiksestudio.com\\\/ca\\\/?s={search_term_string}\"},\"query-input\":{\"@type\":\"PropertyValueSpecification\",\"valueRequired\":true,\"valueName\":\"search_term_string\"}}],\"inLanguage\":\"ca\"},{\"@type\":\"Organization\",\"@id\":\"https:\\\/\\\/grafiksestudio.com\\\/ca\\\/#organization\",\"name\":\"Grafiks\",\"alternateName\":\"Grafiks\",\"url\":\"https:\\\/\\\/grafiksestudio.com\\\/ca\\\/\",\"logo\":{\"@type\":\"ImageObject\",\"inLanguage\":\"ca\",\"@id\":\"https:\\\/\\\/grafiksestudio.com\\\/ca\\\/#\\\/schema\\\/logo\\\/image\\\/\",\"url\":\"https:\\\/\\\/grafiksestudio.com\\\/wp-content\\\/uploads\\\/2024\\\/04\\\/BL_LOGO_GRAFIKS20_WEB-listo.png\",\"contentUrl\":\"https:\\\/\\\/grafiksestudio.com\\\/wp-content\\\/uploads\\\/2024\\\/04\\\/BL_LOGO_GRAFIKS20_WEB-listo.png\",\"width\":600,\"height\":93,\"caption\":\"Grafiks\"},\"image\":{\"@id\":\"https:\\\/\\\/grafiksestudio.com\\\/ca\\\/#\\\/schema\\\/logo\\\/image\\\/\"},\"sameAs\":[\"https:\\\/\\\/www.facebook.com\\\/GFKGrafiksestudio\",\"https:\\\/\\\/www.instagram.com\\\/grafiksestudio\\\/\",\"https:\\\/\\\/www.linkedin.com\\\/company\\\/grafiks-estudio\\\/\",\"https:\\\/\\\/www.tiktok.com\\\/@grafiksestudio\"]}]}<\/script>\n<!-- \/ Yoast SEO plugin. -->","yoast_head_json":{"title":"Contacte - Grafiks Estudio","description":"Contacta amb nosaltres, el nostre equip comercial t'atendr\u00e0 el m\u00e9s aviat possible amb una soluci\u00f3 adequada per a tu.","robots":{"index":"index","follow":"follow","max-snippet":"max-snippet:-1","max-image-preview":"max-image-preview:large","max-video-preview":"max-video-preview:-1"},"canonical":"https:\/\/grafiksestudio.com\/ca\/contacte\/","og_locale":"ca_ES","og_type":"article","og_title":"Contacte - Grafiks Estudio","og_description":"Contacta amb nosaltres, el nostre equip comercial t'atendr\u00e0 el m\u00e9s aviat possible amb una soluci\u00f3 adequada per a tu.","og_url":"https:\/\/grafiksestudio.com\/ca\/contacte\/","og_site_name":"Grafiks","article_publisher":"https:\/\/www.facebook.com\/GFKGrafiksestudio","article_modified_time":"2024-10-22T08:30:23+00:00","og_image":[{"width":723,"height":723,"url":"https:\/\/grafiksestudio.com\/wp-content\/uploads\/2024\/04\/Diseno-sin-titulo-e1712829948275.jpg","type":"image\/jpeg"}],"twitter_card":"summary_large_image","twitter_misc":{"Temps estimat de lectura":"1 minut"},"schema":{"@context":"https:\/\/schema.org","@graph":[{"@type":"WebPage","@id":"https:\/\/grafiksestudio.com\/ca\/contacte\/","url":"https:\/\/grafiksestudio.com\/ca\/contacte\/","name":"Contacte - Grafiks Estudio","isPartOf":{"@id":"https:\/\/grafiksestudio.com\/ca\/#website"},"primaryImageOfPage":{"@id":"https:\/\/grafiksestudio.com\/ca\/contacte\/#primaryimage"},"image":{"@id":"https:\/\/grafiksestudio.com\/ca\/contacte\/#primaryimage"},"thumbnailUrl":"https:\/\/grafiksestudio.com\/wp-content\/uploads\/2024\/04\/Diseno-sin-titulo-e1712829948275.jpg","datePublished":"2024-04-12T13:02:43+00:00","dateModified":"2024-10-22T08:30:23+00:00","description":"Contacta amb nosaltres, el nostre equip comercial t'atendr\u00e0 el m\u00e9s aviat possible amb una soluci\u00f3 adequada per a tu.","breadcrumb":{"@id":"https:\/\/grafiksestudio.com\/ca\/contacte\/#breadcrumb"},"inLanguage":"ca","potentialAction":[{"@type":"ReadAction","target":["https:\/\/grafiksestudio.com\/ca\/contacte\/"]}]},{"@type":"ImageObject","inLanguage":"ca","@id":"https:\/\/grafiksestudio.com\/ca\/contacte\/#primaryimage","url":"https:\/\/grafiksestudio.com\/wp-content\/uploads\/2024\/04\/Diseno-sin-titulo-e1712829948275.jpg","contentUrl":"https:\/\/grafiksestudio.com\/wp-content\/uploads\/2024\/04\/Diseno-sin-titulo-e1712829948275.jpg","width":723,"height":723},{"@type":"BreadcrumbList","@id":"https:\/\/grafiksestudio.com\/ca\/contacte\/#breadcrumb","itemListElement":[{"@type":"ListItem","position":1,"name":"Portada","item":"https:\/\/grafiksestudio.com\/ca\/home\/"},{"@type":"ListItem","position":2,"name":"Contacte"}]},{"@type":"WebSite","@id":"https:\/\/grafiksestudio.com\/ca\/#website","url":"https:\/\/grafiksestudio.com\/ca\/","name":"Grafiks","description":"Servicios integrales de rotulaci\u00f3n","publisher":{"@id":"https:\/\/grafiksestudio.com\/ca\/#organization"},"alternateName":"Grafiks","potentialAction":[{"@type":"SearchAction","target":{"@type":"EntryPoint","urlTemplate":"https:\/\/grafiksestudio.com\/ca\/?s={search_term_string}"},"query-input":{"@type":"PropertyValueSpecification","valueRequired":true,"valueName":"search_term_string"}}],"inLanguage":"ca"},{"@type":"Organization","@id":"https:\/\/grafiksestudio.com\/ca\/#organization","name":"Grafiks","alternateName":"Grafiks","url":"https:\/\/grafiksestudio.com\/ca\/","logo":{"@type":"ImageObject","inLanguage":"ca","@id":"https:\/\/grafiksestudio.com\/ca\/#\/schema\/logo\/image\/","url":"https:\/\/grafiksestudio.com\/wp-content\/uploads\/2024\/04\/BL_LOGO_GRAFIKS20_WEB-listo.png","contentUrl":"https:\/\/grafiksestudio.com\/wp-content\/uploads\/2024\/04\/BL_LOGO_GRAFIKS20_WEB-listo.png","width":600,"height":93,"caption":"Grafiks"},"image":{"@id":"https:\/\/grafiksestudio.com\/ca\/#\/schema\/logo\/image\/"},"sameAs":["https:\/\/www.facebook.com\/GFKGrafiksestudio","https:\/\/www.instagram.com\/grafiksestudio\/","https:\/\/www.linkedin.com\/company\/grafiks-estudio\/","https:\/\/www.tiktok.com\/@grafiksestudio"]}]}},"_links":{"self":[{"href":"https:\/\/grafiksestudio.com\/ca\/wp-json\/wp\/v2\/pages\/2819","targetHints":{"allow":["GET"]}}],"collection":[{"href":"https:\/\/grafiksestudio.com\/ca\/wp-json\/wp\/v2\/pages"}],"about":[{"href":"https:\/\/grafiksestudio.com\/ca\/wp-json\/wp\/v2\/types\/page"}],"author":[{"embeddable":true,"href":"https:\/\/grafiksestudio.com\/ca\/wp-json\/wp\/v2\/users\/2"}],"replies":[{"embeddable":true,"href":"https:\/\/grafiksestudio.com\/ca\/wp-json\/wp\/v2\/comments?post=2819"}],"version-history":[{"count":0,"href":"https:\/\/grafiksestudio.com\/ca\/wp-json\/wp\/v2\/pages\/2819\/revisions"}],"wp:featuredmedia":[{"embeddable":true,"href":"https:\/\/grafiksestudio.com\/ca\/wp-json\/wp\/v2\/media\/2757"}],"wp:attachment":[{"href":"https:\/\/grafiksestudio.com\/ca\/wp-json\/wp\/v2\/media?parent=2819"}],"curies":[{"name":"wp","href":"https:\/\/api.w.org\/{rel}","templated":true}]}}