{"id":2826,"date":"2024-04-12T09:57:40","date_gmt":"2024-04-12T09:57:40","guid":{"rendered":"https:\/\/grafiksestudio.com\/noticies\/"},"modified":"2024-09-17T10:31:49","modified_gmt":"2024-09-17T10:31:49","slug":"noticies","status":"publish","type":"page","link":"https:\/\/grafiksestudio.com\/ca\/noticies\/","title":{"rendered":"Not\u00edcies"},"content":{"rendered":"\t\t<div data-elementor-type=\"wp-page\" data-elementor-id=\"2826\" class=\"elementor elementor-2826 elementor-489\" data-elementor-post-type=\"page\">\n\t\t\t\t<div class=\"elementor-element elementor-element-3ae1ad8 e-flex e-con-boxed qodef-elementor-content-no e-con e-parent\" data-id=\"3ae1ad8\" data-element_type=\"container\" data-e-type=\"container\" data-settings=\"{&quot;background_background&quot;:&quot;classic&quot;}\">\n\t\t\t\t\t<div class=\"e-con-inner\">\n\t\t\t\t<div class=\"elementor-element elementor-element-0efa6ef elementor-widget elementor-widget-heading\" data-id=\"0efa6ef\" data-element_type=\"widget\" data-e-type=\"widget\" data-widget_type=\"heading.default\">\n\t\t\t\t<div class=\"elementor-widget-container\">\n\t\t\t\t\t<h2 class=\"elementor-heading-title elementor-size-default\">NOT\u00cdCIES<\/h2>\t\t\t\t<\/div>\n\t\t\t\t<\/div>\n\t\t\t\t<div class=\"elementor-element elementor-element-8502c2f elementor-widget elementor-widget-text-editor\" data-id=\"8502c2f\" data-element_type=\"widget\" data-e-type=\"widget\" data-widget_type=\"text-editor.default\">\n\t\t\t\t<div class=\"elementor-widget-container\">\n\t\t\t\t\t\t\t\t\t<p>Descobreix totes les tend\u00e8ncies en retolaci\u00f3<\/p>\n\t\t\t\t\t\t\t\t<\/div>\n\t\t\t\t<\/div>\n\t\t\t\t\t<\/div>\n\t\t\t\t<\/div>\n\t\t<div class=\"elementor-element elementor-element-5a79615 e-flex e-con-boxed qodef-elementor-content-no e-con e-parent\" data-id=\"5a79615\" data-element_type=\"container\" data-e-type=\"container\" data-settings=\"{&quot;background_background&quot;:&quot;classic&quot;}\">\n\t\t\t\t\t<div class=\"e-con-inner\">\n\t\t\t\t<div class=\"elementor-element elementor-element-165ba9e elementor-widget elementor-widget-heading\" data-id=\"165ba9e\" data-element_type=\"widget\" data-e-type=\"widget\" data-widget_type=\"heading.default\">\n\t\t\t\t<div class=\"elementor-widget-container\">\n\t\t\t\t\t<h2 class=\"elementor-heading-title elementor-size-default\">Newsletter de Grafiks<\/h2>\t\t\t\t<\/div>\n\t\t\t\t<\/div>\n\t\t\t\t<div class=\"elementor-element elementor-element-53901df elementor-widget-divider--view-line elementor-widget elementor-widget-divider\" data-id=\"53901df\" data-element_type=\"widget\" data-e-type=\"widget\" data-widget_type=\"divider.default\">\n\t\t\t\t<div class=\"elementor-widget-container\">\n\t\t\t\t\t\t\t<div class=\"elementor-divider\">\n\t\t\t<span class=\"elementor-divider-separator\">\n\t\t\t\t\t\t<\/span>\n\t\t<\/div>\n\t\t\t\t\t\t<\/div>\n\t\t\t\t<\/div>\n\t\t\t\t<div class=\"elementor-element elementor-element-752d73b elementor-posts--align-center elementor-grid-3 elementor-grid-tablet-2 elementor-grid-mobile-1 elementor-posts--thumbnail-top elementor-widget elementor-widget-posts\" data-id=\"752d73b\" data-element_type=\"widget\" data-e-type=\"widget\" data-settings=\"{&quot;classic_row_gap&quot;:{&quot;unit&quot;:&quot;px&quot;,&quot;size&quot;:26,&quot;sizes&quot;:[]},&quot;pagination_type&quot;:&quot;prev_next&quot;,&quot;classic_columns&quot;:&quot;3&quot;,&quot;classic_columns_tablet&quot;:&quot;2&quot;,&quot;classic_columns_mobile&quot;:&quot;1&quot;,&quot;classic_row_gap_tablet&quot;:{&quot;unit&quot;:&quot;px&quot;,&quot;size&quot;:&quot;&quot;,&quot;sizes&quot;:[]},&quot;classic_row_gap_mobile&quot;:{&quot;unit&quot;:&quot;px&quot;,&quot;size&quot;:&quot;&quot;,&quot;sizes&quot;:[]}}\" data-widget_type=\"posts.classic\">\n\t\t\t\t<div class=\"elementor-widget-container\">\n\t\t\t\t\t\t\t<div class=\"elementor-posts-container elementor-posts elementor-posts--skin-classic elementor-grid\" role=\"list\">\n\t\t\t\t<article class=\"elementor-post elementor-grid-item post-8094 post type-post status-publish format-standard has-post-thumbnail hentry category-sin-categorizar\" role=\"listitem\">\n\t\t\t\t<a class=\"elementor-post__thumbnail__link\" href=\"https:\/\/grafiksestudio.com\/ca\/retols-digitals-i-interactius-levolucio-de-la-comunicacio-visual\/\" tabindex=\"-1\" target=&quot;_blank&quot;>\n\t\t\t<div class=\"elementor-post__thumbnail\"><img fetchpriority=\"high\" decoding=\"async\" width=\"768\" height=\"647\" src=\"https:\/\/grafiksestudio.com\/wp-content\/uploads\/2026\/04\/shutterstock_2671954847-768x647.jpg\" class=\"attachment-medium_large size-medium_large wp-image-8082\" alt=\"\" srcset=\"https:\/\/grafiksestudio.com\/wp-content\/uploads\/2026\/04\/shutterstock_2671954847-768x647.jpg 768w, https:\/\/grafiksestudio.com\/wp-content\/uploads\/2026\/04\/shutterstock_2671954847-300x253.jpg 300w, https:\/\/grafiksestudio.com\/wp-content\/uploads\/2026\/04\/shutterstock_2671954847.jpg 1024w\" sizes=\"(max-width: 768px) 100vw, 768px\" \/><\/div>\n\t\t<\/a>\n\t\t\t\t<div class=\"elementor-post__text\">\n\t\t\t\t<h3 class=\"elementor-post__title\">\n\t\t\t<a href=\"https:\/\/grafiksestudio.com\/ca\/retols-digitals-i-interactius-levolucio-de-la-comunicacio-visual\/\" target=&quot;_blank&quot;>\n\t\t\t\tR\u00e8tols Digitals i Interactius: L&#8217;Evoluci\u00f3 de la Comunicaci\u00f3 Visual\t\t\t<\/a>\n\t\t<\/h3>\n\t\t\t\t<div class=\"elementor-post__meta-data\">\n\t\t\t\t\t<span class=\"elementor-post-date\">\n\t\t\t28 d'abril de 2026\t\t<\/span>\n\t\t\t\t<\/div>\n\t\t\n\t\t<a class=\"elementor-post__read-more\" href=\"https:\/\/grafiksestudio.com\/ca\/retols-digitals-i-interactius-levolucio-de-la-comunicacio-visual\/\" aria-label=\"Read more about R\u00e8tols Digitals i Interactius: L&#8217;Evoluci\u00f3 de la Comunicaci\u00f3 Visual\" tabindex=\"-1\" target=\"_blank\">\n\t\t\tLlegir m\u00e9s \u00bb\t\t<\/a>\n\n\t\t\t\t<\/div>\n\t\t\t\t<\/article>\n\t\t\t\t<article class=\"elementor-post elementor-grid-item post-8073 post type-post status-publish format-standard has-post-thumbnail hentry category-sin-categorizar\" role=\"listitem\">\n\t\t\t\t<a class=\"elementor-post__thumbnail__link\" href=\"https:\/\/grafiksestudio.com\/ca\/minimalisme-a-la-retolacio-comercial\/\" tabindex=\"-1\" target=&quot;_blank&quot;>\n\t\t\t<div class=\"elementor-post__thumbnail\"><img decoding=\"async\" width=\"768\" height=\"647\" src=\"https:\/\/grafiksestudio.com\/wp-content\/uploads\/2026\/04\/shutterstock_2511333003-768x647.jpg\" class=\"attachment-medium_large size-medium_large wp-image-8063\" alt=\"\" srcset=\"https:\/\/grafiksestudio.com\/wp-content\/uploads\/2026\/04\/shutterstock_2511333003-768x647.jpg 768w, https:\/\/grafiksestudio.com\/wp-content\/uploads\/2026\/04\/shutterstock_2511333003-300x253.jpg 300w, https:\/\/grafiksestudio.com\/wp-content\/uploads\/2026\/04\/shutterstock_2511333003.jpg 1024w\" sizes=\"(max-width: 768px) 100vw, 768px\" \/><\/div>\n\t\t<\/a>\n\t\t\t\t<div class=\"elementor-post__text\">\n\t\t\t\t<h3 class=\"elementor-post__title\">\n\t\t\t<a href=\"https:\/\/grafiksestudio.com\/ca\/minimalisme-a-la-retolacio-comercial\/\" target=&quot;_blank&quot;>\n\t\t\t\tMinimalisme a la Retolaci\u00f3 Comercial\t\t\t<\/a>\n\t\t<\/h3>\n\t\t\t\t<div class=\"elementor-post__meta-data\">\n\t\t\t\t\t<span class=\"elementor-post-date\">\n\t\t\t17 d'abril de 2026\t\t<\/span>\n\t\t\t\t<\/div>\n\t\t\n\t\t<a class=\"elementor-post__read-more\" href=\"https:\/\/grafiksestudio.com\/ca\/minimalisme-a-la-retolacio-comercial\/\" aria-label=\"Read more about Minimalisme a la Retolaci\u00f3 Comercial\" tabindex=\"-1\" target=\"_blank\">\n\t\t\tLlegir m\u00e9s \u00bb\t\t<\/a>\n\n\t\t\t\t<\/div>\n\t\t\t\t<\/article>\n\t\t\t\t<article class=\"elementor-post elementor-grid-item post-7976 post type-post status-publish format-standard has-post-thumbnail hentry category-sin-categorizar\" role=\"listitem\">\n\t\t\t\t<a class=\"elementor-post__thumbnail__link\" href=\"https:\/\/grafiksestudio.com\/ca\/retolacio-per-a-esdeveniments-i-fires\/\" tabindex=\"-1\" target=&quot;_blank&quot;>\n\t\t\t<div class=\"elementor-post__thumbnail\"><img decoding=\"async\" width=\"768\" height=\"512\" src=\"https:\/\/grafiksestudio.com\/wp-content\/uploads\/2026\/02\/shutterstock_2570296503-768x512.jpg\" class=\"attachment-medium_large size-medium_large wp-image-7967\" alt=\"\" srcset=\"https:\/\/grafiksestudio.com\/wp-content\/uploads\/2026\/02\/shutterstock_2570296503-768x512.jpg 768w, https:\/\/grafiksestudio.com\/wp-content\/uploads\/2026\/02\/shutterstock_2570296503-300x200.jpg 300w, https:\/\/grafiksestudio.com\/wp-content\/uploads\/2026\/02\/shutterstock_2570296503.jpg 1024w\" sizes=\"(max-width: 768px) 100vw, 768px\" \/><\/div>\n\t\t<\/a>\n\t\t\t\t<div class=\"elementor-post__text\">\n\t\t\t\t<h3 class=\"elementor-post__title\">\n\t\t\t<a href=\"https:\/\/grafiksestudio.com\/ca\/retolacio-per-a-esdeveniments-i-fires\/\" target=&quot;_blank&quot;>\n\t\t\t\tRetolaci\u00f3 temporal: la soluci\u00f3 perfecta per a campanyes de primavera\t\t\t<\/a>\n\t\t<\/h3>\n\t\t\t\t<div class=\"elementor-post__meta-data\">\n\t\t\t\t\t<span class=\"elementor-post-date\">\n\t\t\t27 de mar\u00e7 de 2026\t\t<\/span>\n\t\t\t\t<\/div>\n\t\t\n\t\t<a class=\"elementor-post__read-more\" href=\"https:\/\/grafiksestudio.com\/ca\/retolacio-per-a-esdeveniments-i-fires\/\" aria-label=\"Read more about Retolaci\u00f3 temporal: la soluci\u00f3 perfecta per a campanyes de primavera\" tabindex=\"-1\" target=\"_blank\">\n\t\t\tLlegir m\u00e9s \u00bb\t\t<\/a>\n\n\t\t\t\t<\/div>\n\t\t\t\t<\/article>\n\t\t\t\t<article class=\"elementor-post elementor-grid-item post-7995 post type-post status-publish format-standard has-post-thumbnail hentry category-sin-categorizar\" role=\"listitem\">\n\t\t\t\t<a class=\"elementor-post__thumbnail__link\" href=\"https:\/\/grafiksestudio.com\/ca\/vinils-decoratius-i-funcionals-transforma-el-teu-espai-amb-estil-i-practicitat\/\" tabindex=\"-1\" target=&quot;_blank&quot;>\n\t\t\t<div class=\"elementor-post__thumbnail\"><img loading=\"lazy\" decoding=\"async\" width=\"768\" height=\"512\" src=\"https:\/\/grafiksestudio.com\/wp-content\/uploads\/2026\/02\/shutterstock_2481940023-768x512.jpg\" class=\"attachment-medium_large size-medium_large wp-image-7986\" alt=\"\" srcset=\"https:\/\/grafiksestudio.com\/wp-content\/uploads\/2026\/02\/shutterstock_2481940023-768x512.jpg 768w, https:\/\/grafiksestudio.com\/wp-content\/uploads\/2026\/02\/shutterstock_2481940023-300x200.jpg 300w, https:\/\/grafiksestudio.com\/wp-content\/uploads\/2026\/02\/shutterstock_2481940023.jpg 1024w\" sizes=\"(max-width: 768px) 100vw, 768px\" \/><\/div>\n\t\t<\/a>\n\t\t\t\t<div class=\"elementor-post__text\">\n\t\t\t\t<h3 class=\"elementor-post__title\">\n\t\t\t<a href=\"https:\/\/grafiksestudio.com\/ca\/vinils-decoratius-i-funcionals-transforma-el-teu-espai-amb-estil-i-practicitat\/\" target=&quot;_blank&quot;>\n\t\t\t\tVinils decoratius i funcionals: transforma el teu espai amb estil i practicitat\t\t\t<\/a>\n\t\t<\/h3>\n\t\t\t\t<div class=\"elementor-post__meta-data\">\n\t\t\t\t\t<span class=\"elementor-post-date\">\n\t\t\t18 de mar\u00e7 de 2026\t\t<\/span>\n\t\t\t\t<\/div>\n\t\t\n\t\t<a class=\"elementor-post__read-more\" href=\"https:\/\/grafiksestudio.com\/ca\/vinils-decoratius-i-funcionals-transforma-el-teu-espai-amb-estil-i-practicitat\/\" aria-label=\"Read more about Vinils decoratius i funcionals: transforma el teu espai amb estil i practicitat\" tabindex=\"-1\" target=\"_blank\">\n\t\t\tLlegir m\u00e9s \u00bb\t\t<\/a>\n\n\t\t\t\t<\/div>\n\t\t\t\t<\/article>\n\t\t\t\t<article class=\"elementor-post elementor-grid-item post-8023 post type-post status-publish format-standard has-post-thumbnail hentry category-sin-categorizar\" role=\"listitem\">\n\t\t\t\t<a class=\"elementor-post__thumbnail__link\" href=\"https:\/\/grafiksestudio.com\/ca\/retolacio-per-a-esdeveniments-i-fires-2\/\" tabindex=\"-1\" target=&quot;_blank&quot;>\n\t\t\t<div class=\"elementor-post__thumbnail\"><img decoding=\"async\" width=\"768\" height=\"512\" src=\"https:\/\/grafiksestudio.com\/wp-content\/uploads\/2026\/02\/shutterstock_2570296503-768x512.jpg\" class=\"attachment-medium_large size-medium_large wp-image-7967\" alt=\"\" srcset=\"https:\/\/grafiksestudio.com\/wp-content\/uploads\/2026\/02\/shutterstock_2570296503-768x512.jpg 768w, https:\/\/grafiksestudio.com\/wp-content\/uploads\/2026\/02\/shutterstock_2570296503-300x200.jpg 300w, https:\/\/grafiksestudio.com\/wp-content\/uploads\/2026\/02\/shutterstock_2570296503.jpg 1024w\" sizes=\"(max-width: 768px) 100vw, 768px\" \/><\/div>\n\t\t<\/a>\n\t\t\t\t<div class=\"elementor-post__text\">\n\t\t\t\t<h3 class=\"elementor-post__title\">\n\t\t\t<a href=\"https:\/\/grafiksestudio.com\/ca\/retolacio-per-a-esdeveniments-i-fires-2\/\" target=&quot;_blank&quot;>\n\t\t\t\tRetolaci\u00f3 per a esdeveniments i fires\t\t\t<\/a>\n\t\t<\/h3>\n\t\t\t\t<div class=\"elementor-post__meta-data\">\n\t\t\t\t\t<span class=\"elementor-post-date\">\n\t\t\t9 de mar\u00e7 de 2026\t\t<\/span>\n\t\t\t\t<\/div>\n\t\t\n\t\t<a class=\"elementor-post__read-more\" href=\"https:\/\/grafiksestudio.com\/ca\/retolacio-per-a-esdeveniments-i-fires-2\/\" aria-label=\"Read more about Retolaci\u00f3 per a esdeveniments i fires\" tabindex=\"-1\" target=\"_blank\">\n\t\t\tLlegir m\u00e9s \u00bb\t\t<\/a>\n\n\t\t\t\t<\/div>\n\t\t\t\t<\/article>\n\t\t\t\t<article class=\"elementor-post elementor-grid-item post-7959 post type-post status-publish format-standard has-post-thumbnail hentry category-sin-categorizar\" role=\"listitem\">\n\t\t\t\t<a class=\"elementor-post__thumbnail__link\" href=\"https:\/\/grafiksestudio.com\/ca\/retolacio-com-a-eina-de-branding\/\" tabindex=\"-1\" target=&quot;_blank&quot;>\n\t\t\t<div class=\"elementor-post__thumbnail\"><img loading=\"lazy\" decoding=\"async\" width=\"768\" height=\"512\" src=\"https:\/\/grafiksestudio.com\/wp-content\/uploads\/2026\/02\/shutterstock_2263882557-768x512.jpg\" class=\"attachment-medium_large size-medium_large wp-image-7944\" alt=\"\" srcset=\"https:\/\/grafiksestudio.com\/wp-content\/uploads\/2026\/02\/shutterstock_2263882557-768x512.jpg 768w, https:\/\/grafiksestudio.com\/wp-content\/uploads\/2026\/02\/shutterstock_2263882557-300x200.jpg 300w, https:\/\/grafiksestudio.com\/wp-content\/uploads\/2026\/02\/shutterstock_2263882557-1024x683.jpg 1024w, https:\/\/grafiksestudio.com\/wp-content\/uploads\/2026\/02\/shutterstock_2263882557-1536x1024.jpg 1536w, https:\/\/grafiksestudio.com\/wp-content\/uploads\/2026\/02\/shutterstock_2263882557-2048x1365.jpg 2048w\" sizes=\"(max-width: 768px) 100vw, 768px\" \/><\/div>\n\t\t<\/a>\n\t\t\t\t<div class=\"elementor-post__text\">\n\t\t\t\t<h3 class=\"elementor-post__title\">\n\t\t\t<a href=\"https:\/\/grafiksestudio.com\/ca\/retolacio-com-a-eina-de-branding\/\" target=&quot;_blank&quot;>\n\t\t\t\tRetolaci\u00f3 com a eina de Branding\t\t\t<\/a>\n\t\t<\/h3>\n\t\t\t\t<div class=\"elementor-post__meta-data\">\n\t\t\t\t\t<span class=\"elementor-post-date\">\n\t\t\t24 de febrer de 2026\t\t<\/span>\n\t\t\t\t<\/div>\n\t\t\n\t\t<a class=\"elementor-post__read-more\" href=\"https:\/\/grafiksestudio.com\/ca\/retolacio-com-a-eina-de-branding\/\" aria-label=\"Read more about Retolaci\u00f3 com a eina de Branding\" tabindex=\"-1\" target=\"_blank\">\n\t\t\tLlegir m\u00e9s \u00bb\t\t<\/a>\n\n\t\t\t\t<\/div>\n\t\t\t\t<\/article>\n\t\t\t\t<\/div>\n\t\t\n\t\t\t\t<div class=\"e-load-more-anchor\" data-page=\"1\" data-max-page=\"12\" data-next-page=\"https:\/\/grafiksestudio.com\/ca\/wp-json\/wp\/v2\/pages\/2826\/page\/2\/\"><\/div>\n\t\t\t\t<nav class=\"elementor-pagination\" aria-label=\"Paginaci\u00f3\">\n\t\t\t<span class=\"page-numbers prev\">\u00ab Anterior<\/span>\n<a class=\"page-numbers next\" href=\"https:\/\/grafiksestudio.com\/ca\/wp-json\/wp\/v2\/pages\/2826\/page\/2\/\">Seg\u00fcent \u00bb<\/a>\t\t<\/nav>\n\t\t\t\t\t\t<\/div>\n\t\t\t\t<\/div>\n\t\t\t\t<div class=\"elementor-element elementor-element-b9911da elementor-widget elementor-widget-spacer\" data-id=\"b9911da\" data-element_type=\"widget\" data-e-type=\"widget\" data-widget_type=\"spacer.default\">\n\t\t\t\t<div class=\"elementor-widget-container\">\n\t\t\t\t\t\t\t<div class=\"elementor-spacer\">\n\t\t\t<div class=\"elementor-spacer-inner\"><\/div>\n\t\t<\/div>\n\t\t\t\t\t\t<\/div>\n\t\t\t\t<\/div>\n\t\t\t\t\t<\/div>\n\t\t\t\t<\/div>\n\t\t\t\t<\/div>\n\t\t","protected":false},"excerpt":{"rendered":"<p>NOT\u00cdCIES Descobreix totes les tend\u00e8ncies en retolaci\u00f3 Newsletter de Grafiks<\/p>\n","protected":false},"author":2,"featured_media":2827,"parent":0,"menu_order":0,"comment_status":"closed","ping_status":"closed","template":"","meta":{"_joinchat":[],"footnotes":""},"class_list":["post-2826","page","type-page","status-publish","has-post-thumbnail","hentry"],"yoast_head":"<!-- This site is optimized with the Yoast SEO plugin v27.3 - https:\/\/yoast.com\/product\/yoast-seo-wordpress\/ -->\n<title>Not\u00edcies - Grafiks Estudio<\/title>\n<meta name=\"description\" content=\"Descobreix aqu\u00ed totes les tend\u00e8ncies en retolaci\u00f3, novetats i idees per donar una nova imatge al teu negoci.\" \/>\n<meta name=\"robots\" content=\"index, follow, max-snippet:-1, max-image-preview:large, max-video-preview:-1\" \/>\n<link rel=\"canonical\" href=\"https:\/\/grafiksestudio.com\/ca\/noticies\/\" \/>\n<meta property=\"og:locale\" content=\"ca_ES\" \/>\n<meta property=\"og:type\" content=\"article\" \/>\n<meta property=\"og:title\" content=\"Not\u00edcies - Grafiks Estudio\" \/>\n<meta property=\"og:description\" content=\"Descobreix aqu\u00ed totes les tend\u00e8ncies en retolaci\u00f3, novetats i idees per donar una nova imatge al teu negoci.\" \/>\n<meta property=\"og:url\" content=\"https:\/\/grafiksestudio.com\/ca\/noticies\/\" \/>\n<meta property=\"og:site_name\" content=\"Grafiks\" \/>\n<meta property=\"article:publisher\" content=\"https:\/\/www.facebook.com\/GFKGrafiksestudio\" \/>\n<meta property=\"article:modified_time\" content=\"2024-09-17T10:31:49+00:00\" \/>\n<meta property=\"og:image\" content=\"https:\/\/grafiksestudio.com\/wp-content\/uploads\/2024\/04\/shutterstock_1302777490-scaled.jpg\" \/>\n\t<meta property=\"og:image:width\" content=\"2560\" \/>\n\t<meta property=\"og:image:height\" content=\"1249\" \/>\n\t<meta property=\"og:image:type\" content=\"image\/jpeg\" \/>\n<meta name=\"twitter:card\" content=\"summary_large_image\" \/>\n<script type=\"application\/ld+json\" class=\"yoast-schema-graph\">{\"@context\":\"https:\\\/\\\/schema.org\",\"@graph\":[{\"@type\":\"WebPage\",\"@id\":\"https:\\\/\\\/grafiksestudio.com\\\/ca\\\/noticies\\\/\",\"url\":\"https:\\\/\\\/grafiksestudio.com\\\/ca\\\/noticies\\\/\",\"name\":\"Not\u00edcies - Grafiks Estudio\",\"isPartOf\":{\"@id\":\"https:\\\/\\\/grafiksestudio.com\\\/ca\\\/#website\"},\"primaryImageOfPage\":{\"@id\":\"https:\\\/\\\/grafiksestudio.com\\\/ca\\\/noticies\\\/#primaryimage\"},\"image\":{\"@id\":\"https:\\\/\\\/grafiksestudio.com\\\/ca\\\/noticies\\\/#primaryimage\"},\"thumbnailUrl\":\"https:\\\/\\\/grafiksestudio.com\\\/wp-content\\\/uploads\\\/2024\\\/04\\\/shutterstock_1302777490-scaled.jpg\",\"datePublished\":\"2024-04-12T09:57:40+00:00\",\"dateModified\":\"2024-09-17T10:31:49+00:00\",\"description\":\"Descobreix aqu\u00ed totes les tend\u00e8ncies en retolaci\u00f3, novetats i idees per donar una nova imatge al teu negoci.\",\"breadcrumb\":{\"@id\":\"https:\\\/\\\/grafiksestudio.com\\\/ca\\\/noticies\\\/#breadcrumb\"},\"inLanguage\":\"ca\",\"potentialAction\":[{\"@type\":\"ReadAction\",\"target\":[\"https:\\\/\\\/grafiksestudio.com\\\/ca\\\/noticies\\\/\"]}]},{\"@type\":\"ImageObject\",\"inLanguage\":\"ca\",\"@id\":\"https:\\\/\\\/grafiksestudio.com\\\/ca\\\/noticies\\\/#primaryimage\",\"url\":\"https:\\\/\\\/grafiksestudio.com\\\/wp-content\\\/uploads\\\/2024\\\/04\\\/shutterstock_1302777490-scaled.jpg\",\"contentUrl\":\"https:\\\/\\\/grafiksestudio.com\\\/wp-content\\\/uploads\\\/2024\\\/04\\\/shutterstock_1302777490-scaled.jpg\",\"width\":2560,\"height\":1249,\"caption\":\"Noticias de Grafiks\"},{\"@type\":\"BreadcrumbList\",\"@id\":\"https:\\\/\\\/grafiksestudio.com\\\/ca\\\/noticies\\\/#breadcrumb\",\"itemListElement\":[{\"@type\":\"ListItem\",\"position\":1,\"name\":\"Portada\",\"item\":\"https:\\\/\\\/grafiksestudio.com\\\/ca\\\/home\\\/\"},{\"@type\":\"ListItem\",\"position\":2,\"name\":\"Not\u00edcies\"}]},{\"@type\":\"WebSite\",\"@id\":\"https:\\\/\\\/grafiksestudio.com\\\/ca\\\/#website\",\"url\":\"https:\\\/\\\/grafiksestudio.com\\\/ca\\\/\",\"name\":\"Grafiks\",\"description\":\"Servicios integrales de rotulaci\u00f3n\",\"publisher\":{\"@id\":\"https:\\\/\\\/grafiksestudio.com\\\/ca\\\/#organization\"},\"alternateName\":\"Grafiks\",\"potentialAction\":[{\"@type\":\"SearchAction\",\"target\":{\"@type\":\"EntryPoint\",\"urlTemplate\":\"https:\\\/\\\/grafiksestudio.com\\\/ca\\\/?s={search_term_string}\"},\"query-input\":{\"@type\":\"PropertyValueSpecification\",\"valueRequired\":true,\"valueName\":\"search_term_string\"}}],\"inLanguage\":\"ca\"},{\"@type\":\"Organization\",\"@id\":\"https:\\\/\\\/grafiksestudio.com\\\/ca\\\/#organization\",\"name\":\"Grafiks\",\"alternateName\":\"Grafiks\",\"url\":\"https:\\\/\\\/grafiksestudio.com\\\/ca\\\/\",\"logo\":{\"@type\":\"ImageObject\",\"inLanguage\":\"ca\",\"@id\":\"https:\\\/\\\/grafiksestudio.com\\\/ca\\\/#\\\/schema\\\/logo\\\/image\\\/\",\"url\":\"https:\\\/\\\/grafiksestudio.com\\\/wp-content\\\/uploads\\\/2024\\\/04\\\/BL_LOGO_GRAFIKS20_WEB-listo.png\",\"contentUrl\":\"https:\\\/\\\/grafiksestudio.com\\\/wp-content\\\/uploads\\\/2024\\\/04\\\/BL_LOGO_GRAFIKS20_WEB-listo.png\",\"width\":600,\"height\":93,\"caption\":\"Grafiks\"},\"image\":{\"@id\":\"https:\\\/\\\/grafiksestudio.com\\\/ca\\\/#\\\/schema\\\/logo\\\/image\\\/\"},\"sameAs\":[\"https:\\\/\\\/www.facebook.com\\\/GFKGrafiksestudio\",\"https:\\\/\\\/www.instagram.com\\\/grafiksestudio\\\/\",\"https:\\\/\\\/www.linkedin.com\\\/company\\\/grafiks-estudio\\\/\",\"https:\\\/\\\/www.tiktok.com\\\/@grafiksestudio\"]}]}<\/script>\n<!-- \/ Yoast SEO plugin. -->","yoast_head_json":{"title":"Not\u00edcies - Grafiks Estudio","description":"Descobreix aqu\u00ed totes les tend\u00e8ncies en retolaci\u00f3, novetats i idees per donar una nova imatge al teu negoci.","robots":{"index":"index","follow":"follow","max-snippet":"max-snippet:-1","max-image-preview":"max-image-preview:large","max-video-preview":"max-video-preview:-1"},"canonical":"https:\/\/grafiksestudio.com\/ca\/noticies\/","og_locale":"ca_ES","og_type":"article","og_title":"Not\u00edcies - Grafiks Estudio","og_description":"Descobreix aqu\u00ed totes les tend\u00e8ncies en retolaci\u00f3, novetats i idees per donar una nova imatge al teu negoci.","og_url":"https:\/\/grafiksestudio.com\/ca\/noticies\/","og_site_name":"Grafiks","article_publisher":"https:\/\/www.facebook.com\/GFKGrafiksestudio","article_modified_time":"2024-09-17T10:31:49+00:00","og_image":[{"width":2560,"height":1249,"url":"https:\/\/grafiksestudio.com\/wp-content\/uploads\/2024\/04\/shutterstock_1302777490-scaled.jpg","type":"image\/jpeg"}],"twitter_card":"summary_large_image","schema":{"@context":"https:\/\/schema.org","@graph":[{"@type":"WebPage","@id":"https:\/\/grafiksestudio.com\/ca\/noticies\/","url":"https:\/\/grafiksestudio.com\/ca\/noticies\/","name":"Not\u00edcies - Grafiks Estudio","isPartOf":{"@id":"https:\/\/grafiksestudio.com\/ca\/#website"},"primaryImageOfPage":{"@id":"https:\/\/grafiksestudio.com\/ca\/noticies\/#primaryimage"},"image":{"@id":"https:\/\/grafiksestudio.com\/ca\/noticies\/#primaryimage"},"thumbnailUrl":"https:\/\/grafiksestudio.com\/wp-content\/uploads\/2024\/04\/shutterstock_1302777490-scaled.jpg","datePublished":"2024-04-12T09:57:40+00:00","dateModified":"2024-09-17T10:31:49+00:00","description":"Descobreix aqu\u00ed totes les tend\u00e8ncies en retolaci\u00f3, novetats i idees per donar una nova imatge al teu negoci.","breadcrumb":{"@id":"https:\/\/grafiksestudio.com\/ca\/noticies\/#breadcrumb"},"inLanguage":"ca","potentialAction":[{"@type":"ReadAction","target":["https:\/\/grafiksestudio.com\/ca\/noticies\/"]}]},{"@type":"ImageObject","inLanguage":"ca","@id":"https:\/\/grafiksestudio.com\/ca\/noticies\/#primaryimage","url":"https:\/\/grafiksestudio.com\/wp-content\/uploads\/2024\/04\/shutterstock_1302777490-scaled.jpg","contentUrl":"https:\/\/grafiksestudio.com\/wp-content\/uploads\/2024\/04\/shutterstock_1302777490-scaled.jpg","width":2560,"height":1249,"caption":"Noticias de Grafiks"},{"@type":"BreadcrumbList","@id":"https:\/\/grafiksestudio.com\/ca\/noticies\/#breadcrumb","itemListElement":[{"@type":"ListItem","position":1,"name":"Portada","item":"https:\/\/grafiksestudio.com\/ca\/home\/"},{"@type":"ListItem","position":2,"name":"Not\u00edcies"}]},{"@type":"WebSite","@id":"https:\/\/grafiksestudio.com\/ca\/#website","url":"https:\/\/grafiksestudio.com\/ca\/","name":"Grafiks","description":"Servicios integrales de rotulaci\u00f3n","publisher":{"@id":"https:\/\/grafiksestudio.com\/ca\/#organization"},"alternateName":"Grafiks","potentialAction":[{"@type":"SearchAction","target":{"@type":"EntryPoint","urlTemplate":"https:\/\/grafiksestudio.com\/ca\/?s={search_term_string}"},"query-input":{"@type":"PropertyValueSpecification","valueRequired":true,"valueName":"search_term_string"}}],"inLanguage":"ca"},{"@type":"Organization","@id":"https:\/\/grafiksestudio.com\/ca\/#organization","name":"Grafiks","alternateName":"Grafiks","url":"https:\/\/grafiksestudio.com\/ca\/","logo":{"@type":"ImageObject","inLanguage":"ca","@id":"https:\/\/grafiksestudio.com\/ca\/#\/schema\/logo\/image\/","url":"https:\/\/grafiksestudio.com\/wp-content\/uploads\/2024\/04\/BL_LOGO_GRAFIKS20_WEB-listo.png","contentUrl":"https:\/\/grafiksestudio.com\/wp-content\/uploads\/2024\/04\/BL_LOGO_GRAFIKS20_WEB-listo.png","width":600,"height":93,"caption":"Grafiks"},"image":{"@id":"https:\/\/grafiksestudio.com\/ca\/#\/schema\/logo\/image\/"},"sameAs":["https:\/\/www.facebook.com\/GFKGrafiksestudio","https:\/\/www.instagram.com\/grafiksestudio\/","https:\/\/www.linkedin.com\/company\/grafiks-estudio\/","https:\/\/www.tiktok.com\/@grafiksestudio"]}]}},"_links":{"self":[{"href":"https:\/\/grafiksestudio.com\/ca\/wp-json\/wp\/v2\/pages\/2826","targetHints":{"allow":["GET"]}}],"collection":[{"href":"https:\/\/grafiksestudio.com\/ca\/wp-json\/wp\/v2\/pages"}],"about":[{"href":"https:\/\/grafiksestudio.com\/ca\/wp-json\/wp\/v2\/types\/page"}],"author":[{"embeddable":true,"href":"https:\/\/grafiksestudio.com\/ca\/wp-json\/wp\/v2\/users\/2"}],"replies":[{"embeddable":true,"href":"https:\/\/grafiksestudio.com\/ca\/wp-json\/wp\/v2\/comments?post=2826"}],"version-history":[{"count":0,"href":"https:\/\/grafiksestudio.com\/ca\/wp-json\/wp\/v2\/pages\/2826\/revisions"}],"wp:featuredmedia":[{"embeddable":true,"href":"https:\/\/grafiksestudio.com\/ca\/wp-json\/wp\/v2\/media\/2827"}],"wp:attachment":[{"href":"https:\/\/grafiksestudio.com\/ca\/wp-json\/wp\/v2\/media?parent=2826"}],"curies":[{"name":"wp","href":"https:\/\/api.w.org\/{rel}","templated":true}]}}