{"id":2829,"date":"2024-04-12T10:48:12","date_gmt":"2024-04-12T10:48:12","guid":{"rendered":"https:\/\/grafiksestudio.com\/demanar-pressupost\/"},"modified":"2024-09-25T14:08:38","modified_gmt":"2024-09-25T14:08:38","slug":"demanar-pressupost","status":"publish","type":"page","link":"https:\/\/grafiksestudio.com\/ca\/demanar-pressupost\/","title":{"rendered":"Demanar Pressupost"},"content":{"rendered":"\t\t<div data-elementor-type=\"wp-page\" data-elementor-id=\"2829\" class=\"elementor elementor-2829 elementor-537\" data-elementor-post-type=\"page\">\n\t\t\t\t<div class=\"elementor-element elementor-element-17ce9f9 e-con-full e-flex qodef-elementor-content-no e-con e-parent\" data-id=\"17ce9f9\" data-element_type=\"container\" data-e-type=\"container\" data-settings=\"{&quot;background_background&quot;:&quot;classic&quot;}\">\n\t\t<div class=\"elementor-element elementor-element-bff6af7 e-con-full e-flex qodef-elementor-content-no e-con e-child\" data-id=\"bff6af7\" data-element_type=\"container\" data-e-type=\"container\" data-settings=\"{&quot;background_background&quot;:&quot;classic&quot;}\">\n\t\t\t\t<div class=\"elementor-element elementor-element-43d60a4 elementor-widget elementor-widget-spacer\" data-id=\"43d60a4\" data-element_type=\"widget\" data-e-type=\"widget\" data-widget_type=\"spacer.default\">\n\t\t\t\t<div class=\"elementor-widget-container\">\n\t\t\t\t\t\t\t<div class=\"elementor-spacer\">\n\t\t\t<div class=\"elementor-spacer-inner\"><\/div>\n\t\t<\/div>\n\t\t\t\t\t\t<\/div>\n\t\t\t\t<\/div>\n\t\t\t\t<div class=\"elementor-element elementor-element-26163b6 elementor-widget elementor-widget-heading\" data-id=\"26163b6\" data-element_type=\"widget\" data-e-type=\"widget\" data-widget_type=\"heading.default\">\n\t\t\t\t<div class=\"elementor-widget-container\">\n\t\t\t\t\t<h2 class=\"elementor-heading-title elementor-size-default\">Demana el teu pressupost<\/h2>\t\t\t\t<\/div>\n\t\t\t\t<\/div>\n\t\t\t\t<div class=\"elementor-element elementor-element-4c75b2e elementor-widget elementor-widget-text-editor\" data-id=\"4c75b2e\" data-element_type=\"widget\" data-e-type=\"widget\" data-widget_type=\"text-editor.default\">\n\t\t\t\t<div class=\"elementor-widget-container\">\n\t\t\t\t\t\t\t\t\t<p>Cada projecte \u00e9s un nou repte per a Grafiks per aix\u00f2, personalitzem cada treball al gust i necessitats del client, fent de cadascun, elements i espais \u00fanics. <\/p>\n<p>Explica&#8217;ns quin \u00e9s el teu&#8230;<\/p>\n\t\t\t\t\t\t\t\t<\/div>\n\t\t\t\t<\/div>\n\t\t\t\t<\/div>\n\t\t<div class=\"elementor-element elementor-element-1e0cd56 e-con-full e-flex qodef-elementor-content-no e-con e-child\" data-id=\"1e0cd56\" data-element_type=\"container\" data-e-type=\"container\">\n\t\t\t\t<div class=\"elementor-element elementor-element-2de9f17 elementor-widget elementor-widget-html\" data-id=\"2de9f17\" data-element_type=\"widget\" data-e-type=\"widget\" data-widget_type=\"html.default\">\n\t\t\t\t<div class=\"elementor-widget-container\">\n\t\t\t\t\t<iframe\n  src=\"https:\/\/api.leadconnectorhq.com\/widget\/form\/YLU178x4TazSh5vnay7A\"\n  style=\"width:100%;height:100%;border:none;border-radius:4px\"\n  id=\"inline-YLU178x4TazSh5vnay7A\" \n  data-layout=\"{'id':'INLINE'}\"\n  data-trigger-type=\"alwaysShow\"\n  data-trigger-value=\"\"\n  data-activation-type=\"alwaysActivated\"\n  data-activation-value=\"\"\n  data-deactivation-type=\"neverDeactivate\"\n  data-deactivation-value=\"\"\n  data-form-name=\"Pide tu Presupuesto - CAT\"\n  data-height=\"679\"\n  data-layout-iframe-id=\"inline-YLU178x4TazSh5vnay7A\"\n  data-form-id=\"YLU178x4TazSh5vnay7A\"\n  title=\"Pide tu Presupuesto - CAT\"\n      >\n<\/iframe>\n<script src=\"https:\/\/link.msgsndr.com\/js\/form_embed.js\"><\/script>\t\t\t\t<\/div>\n\t\t\t\t<\/div>\n\t\t\t\t<\/div>\n\t\t\t\t<\/div>\n\t\t\t\t<\/div>\n\t\t","protected":false},"excerpt":{"rendered":"<p>Demana el teu pressupost Cada projecte \u00e9s un nou repte per a Grafiks per aix\u00f2, personalitzem cada treball al gust i necessitats del client, fent de cadascun, elements i espais \u00fanics. Explica&#8217;ns quin \u00e9s el teu&#8230;<\/p>\n","protected":false},"author":2,"featured_media":0,"parent":0,"menu_order":0,"comment_status":"closed","ping_status":"closed","template":"","meta":{"_joinchat":[],"footnotes":""},"class_list":["post-2829","page","type-page","status-publish","hentry"],"yoast_head":"<!-- This site is optimized with the Yoast SEO plugin v27.3 - https:\/\/yoast.com\/product\/yoast-seo-wordpress\/ -->\n<title>Demanar Pressupost - Grafiks Estudio<\/title>\n<meta name=\"description\" content=\"Cada projecte \u00e9s un nou repte per a Grafiks. Personalitzem cada treball al gust i les necessitats del client. Parlem?\" \/>\n<meta name=\"robots\" content=\"index, follow, max-snippet:-1, max-image-preview:large, max-video-preview:-1\" \/>\n<link rel=\"canonical\" href=\"https:\/\/grafiksestudio.com\/ca\/demanar-pressupost\/\" \/>\n<meta property=\"og:locale\" content=\"ca_ES\" \/>\n<meta property=\"og:type\" content=\"article\" \/>\n<meta property=\"og:title\" content=\"Demanar Pressupost - Grafiks Estudio\" \/>\n<meta property=\"og:description\" content=\"Cada projecte \u00e9s un nou repte per a Grafiks. Personalitzem cada treball al gust i les necessitats del client. Parlem?\" \/>\n<meta property=\"og:url\" content=\"https:\/\/grafiksestudio.com\/ca\/demanar-pressupost\/\" \/>\n<meta property=\"og:site_name\" content=\"Grafiks\" \/>\n<meta property=\"article:publisher\" content=\"https:\/\/www.facebook.com\/GFKGrafiksestudio\" \/>\n<meta property=\"article:modified_time\" content=\"2024-09-25T14:08:38+00:00\" \/>\n<meta property=\"og:image\" content=\"https:\/\/grafiksestudio.com\/wp-content\/uploads\/2024\/04\/Captura-de-pantalla-2024-04-10-a-las-13.03.42.png\" \/>\n\t<meta property=\"og:image:width\" content=\"1860\" \/>\n\t<meta property=\"og:image:height\" content=\"1238\" \/>\n\t<meta property=\"og:image:type\" content=\"image\/png\" \/>\n<meta name=\"twitter:card\" content=\"summary_large_image\" \/>\n<meta name=\"twitter:label1\" content=\"Temps estimat de lectura\" \/>\n\t<meta name=\"twitter:data1\" content=\"1 minut\" \/>\n<script type=\"application\/ld+json\" class=\"yoast-schema-graph\">{\"@context\":\"https:\\\/\\\/schema.org\",\"@graph\":[{\"@type\":\"WebPage\",\"@id\":\"https:\\\/\\\/grafiksestudio.com\\\/ca\\\/demanar-pressupost\\\/\",\"url\":\"https:\\\/\\\/grafiksestudio.com\\\/ca\\\/demanar-pressupost\\\/\",\"name\":\"Demanar Pressupost - Grafiks Estudio\",\"isPartOf\":{\"@id\":\"https:\\\/\\\/grafiksestudio.com\\\/ca\\\/#website\"},\"datePublished\":\"2024-04-12T10:48:12+00:00\",\"dateModified\":\"2024-09-25T14:08:38+00:00\",\"description\":\"Cada projecte \u00e9s un nou repte per a Grafiks. Personalitzem cada treball al gust i les necessitats del client. Parlem?\",\"breadcrumb\":{\"@id\":\"https:\\\/\\\/grafiksestudio.com\\\/ca\\\/demanar-pressupost\\\/#breadcrumb\"},\"inLanguage\":\"ca\",\"potentialAction\":[{\"@type\":\"ReadAction\",\"target\":[\"https:\\\/\\\/grafiksestudio.com\\\/ca\\\/demanar-pressupost\\\/\"]}]},{\"@type\":\"BreadcrumbList\",\"@id\":\"https:\\\/\\\/grafiksestudio.com\\\/ca\\\/demanar-pressupost\\\/#breadcrumb\",\"itemListElement\":[{\"@type\":\"ListItem\",\"position\":1,\"name\":\"Portada\",\"item\":\"https:\\\/\\\/grafiksestudio.com\\\/ca\\\/home\\\/\"},{\"@type\":\"ListItem\",\"position\":2,\"name\":\"Demanar Pressupost\"}]},{\"@type\":\"WebSite\",\"@id\":\"https:\\\/\\\/grafiksestudio.com\\\/ca\\\/#website\",\"url\":\"https:\\\/\\\/grafiksestudio.com\\\/ca\\\/\",\"name\":\"Grafiks\",\"description\":\"Servicios integrales de rotulaci\u00f3n\",\"publisher\":{\"@id\":\"https:\\\/\\\/grafiksestudio.com\\\/ca\\\/#organization\"},\"alternateName\":\"Grafiks\",\"potentialAction\":[{\"@type\":\"SearchAction\",\"target\":{\"@type\":\"EntryPoint\",\"urlTemplate\":\"https:\\\/\\\/grafiksestudio.com\\\/ca\\\/?s={search_term_string}\"},\"query-input\":{\"@type\":\"PropertyValueSpecification\",\"valueRequired\":true,\"valueName\":\"search_term_string\"}}],\"inLanguage\":\"ca\"},{\"@type\":\"Organization\",\"@id\":\"https:\\\/\\\/grafiksestudio.com\\\/ca\\\/#organization\",\"name\":\"Grafiks\",\"alternateName\":\"Grafiks\",\"url\":\"https:\\\/\\\/grafiksestudio.com\\\/ca\\\/\",\"logo\":{\"@type\":\"ImageObject\",\"inLanguage\":\"ca\",\"@id\":\"https:\\\/\\\/grafiksestudio.com\\\/ca\\\/#\\\/schema\\\/logo\\\/image\\\/\",\"url\":\"https:\\\/\\\/grafiksestudio.com\\\/wp-content\\\/uploads\\\/2024\\\/04\\\/BL_LOGO_GRAFIKS20_WEB-listo.png\",\"contentUrl\":\"https:\\\/\\\/grafiksestudio.com\\\/wp-content\\\/uploads\\\/2024\\\/04\\\/BL_LOGO_GRAFIKS20_WEB-listo.png\",\"width\":600,\"height\":93,\"caption\":\"Grafiks\"},\"image\":{\"@id\":\"https:\\\/\\\/grafiksestudio.com\\\/ca\\\/#\\\/schema\\\/logo\\\/image\\\/\"},\"sameAs\":[\"https:\\\/\\\/www.facebook.com\\\/GFKGrafiksestudio\",\"https:\\\/\\\/www.instagram.com\\\/grafiksestudio\\\/\",\"https:\\\/\\\/www.linkedin.com\\\/company\\\/grafiks-estudio\\\/\",\"https:\\\/\\\/www.tiktok.com\\\/@grafiksestudio\"]}]}<\/script>\n<!-- \/ Yoast SEO plugin. -->","yoast_head_json":{"title":"Demanar Pressupost - Grafiks Estudio","description":"Cada projecte \u00e9s un nou repte per a Grafiks. Personalitzem cada treball al gust i les necessitats del client. Parlem?","robots":{"index":"index","follow":"follow","max-snippet":"max-snippet:-1","max-image-preview":"max-image-preview:large","max-video-preview":"max-video-preview:-1"},"canonical":"https:\/\/grafiksestudio.com\/ca\/demanar-pressupost\/","og_locale":"ca_ES","og_type":"article","og_title":"Demanar Pressupost - Grafiks Estudio","og_description":"Cada projecte \u00e9s un nou repte per a Grafiks. Personalitzem cada treball al gust i les necessitats del client. Parlem?","og_url":"https:\/\/grafiksestudio.com\/ca\/demanar-pressupost\/","og_site_name":"Grafiks","article_publisher":"https:\/\/www.facebook.com\/GFKGrafiksestudio","article_modified_time":"2024-09-25T14:08:38+00:00","og_image":[{"width":1860,"height":1238,"url":"https:\/\/grafiksestudio.com\/wp-content\/uploads\/2024\/04\/Captura-de-pantalla-2024-04-10-a-las-13.03.42.png","type":"image\/png"}],"twitter_card":"summary_large_image","twitter_misc":{"Temps estimat de lectura":"1 minut"},"schema":{"@context":"https:\/\/schema.org","@graph":[{"@type":"WebPage","@id":"https:\/\/grafiksestudio.com\/ca\/demanar-pressupost\/","url":"https:\/\/grafiksestudio.com\/ca\/demanar-pressupost\/","name":"Demanar Pressupost - Grafiks Estudio","isPartOf":{"@id":"https:\/\/grafiksestudio.com\/ca\/#website"},"datePublished":"2024-04-12T10:48:12+00:00","dateModified":"2024-09-25T14:08:38+00:00","description":"Cada projecte \u00e9s un nou repte per a Grafiks. Personalitzem cada treball al gust i les necessitats del client. Parlem?","breadcrumb":{"@id":"https:\/\/grafiksestudio.com\/ca\/demanar-pressupost\/#breadcrumb"},"inLanguage":"ca","potentialAction":[{"@type":"ReadAction","target":["https:\/\/grafiksestudio.com\/ca\/demanar-pressupost\/"]}]},{"@type":"BreadcrumbList","@id":"https:\/\/grafiksestudio.com\/ca\/demanar-pressupost\/#breadcrumb","itemListElement":[{"@type":"ListItem","position":1,"name":"Portada","item":"https:\/\/grafiksestudio.com\/ca\/home\/"},{"@type":"ListItem","position":2,"name":"Demanar Pressupost"}]},{"@type":"WebSite","@id":"https:\/\/grafiksestudio.com\/ca\/#website","url":"https:\/\/grafiksestudio.com\/ca\/","name":"Grafiks","description":"Servicios integrales de rotulaci\u00f3n","publisher":{"@id":"https:\/\/grafiksestudio.com\/ca\/#organization"},"alternateName":"Grafiks","potentialAction":[{"@type":"SearchAction","target":{"@type":"EntryPoint","urlTemplate":"https:\/\/grafiksestudio.com\/ca\/?s={search_term_string}"},"query-input":{"@type":"PropertyValueSpecification","valueRequired":true,"valueName":"search_term_string"}}],"inLanguage":"ca"},{"@type":"Organization","@id":"https:\/\/grafiksestudio.com\/ca\/#organization","name":"Grafiks","alternateName":"Grafiks","url":"https:\/\/grafiksestudio.com\/ca\/","logo":{"@type":"ImageObject","inLanguage":"ca","@id":"https:\/\/grafiksestudio.com\/ca\/#\/schema\/logo\/image\/","url":"https:\/\/grafiksestudio.com\/wp-content\/uploads\/2024\/04\/BL_LOGO_GRAFIKS20_WEB-listo.png","contentUrl":"https:\/\/grafiksestudio.com\/wp-content\/uploads\/2024\/04\/BL_LOGO_GRAFIKS20_WEB-listo.png","width":600,"height":93,"caption":"Grafiks"},"image":{"@id":"https:\/\/grafiksestudio.com\/ca\/#\/schema\/logo\/image\/"},"sameAs":["https:\/\/www.facebook.com\/GFKGrafiksestudio","https:\/\/www.instagram.com\/grafiksestudio\/","https:\/\/www.linkedin.com\/company\/grafiks-estudio\/","https:\/\/www.tiktok.com\/@grafiksestudio"]}]}},"_links":{"self":[{"href":"https:\/\/grafiksestudio.com\/ca\/wp-json\/wp\/v2\/pages\/2829","targetHints":{"allow":["GET"]}}],"collection":[{"href":"https:\/\/grafiksestudio.com\/ca\/wp-json\/wp\/v2\/pages"}],"about":[{"href":"https:\/\/grafiksestudio.com\/ca\/wp-json\/wp\/v2\/types\/page"}],"author":[{"embeddable":true,"href":"https:\/\/grafiksestudio.com\/ca\/wp-json\/wp\/v2\/users\/2"}],"replies":[{"embeddable":true,"href":"https:\/\/grafiksestudio.com\/ca\/wp-json\/wp\/v2\/comments?post=2829"}],"version-history":[{"count":0,"href":"https:\/\/grafiksestudio.com\/ca\/wp-json\/wp\/v2\/pages\/2829\/revisions"}],"wp:attachment":[{"href":"https:\/\/grafiksestudio.com\/ca\/wp-json\/wp\/v2\/media?parent=2829"}],"curies":[{"name":"wp","href":"https:\/\/api.w.org\/{rel}","templated":true}]}}