{"id":2852,"date":"2024-04-12T09:43:02","date_gmt":"2024-04-12T09:43:02","guid":{"rendered":"https:\/\/grafiksestudio.com\/tecnologia\/"},"modified":"2025-03-24T09:41:53","modified_gmt":"2025-03-24T09:41:53","slug":"tecnologia","status":"publish","type":"page","link":"https:\/\/grafiksestudio.com\/ca\/tecnologia\/","title":{"rendered":"Tecnologia"},"content":{"rendered":"\t\t<div data-elementor-type=\"wp-page\" data-elementor-id=\"2852\" class=\"elementor elementor-2852 elementor-476\" data-elementor-post-type=\"page\">\n\t\t\t\t<div class=\"elementor-element elementor-element-3ae1ad8 e-flex e-con-boxed qodef-elementor-content-no e-con e-parent\" data-id=\"3ae1ad8\" data-element_type=\"container\" data-e-type=\"container\" data-settings=\"{&quot;background_background&quot;:&quot;classic&quot;}\">\n\t\t\t\t\t<div class=\"e-con-inner\">\n\t\t\t\t<div class=\"elementor-element elementor-element-0efa6ef elementor-widget elementor-widget-heading\" data-id=\"0efa6ef\" data-element_type=\"widget\" data-e-type=\"widget\" data-widget_type=\"heading.default\">\n\t\t\t\t<div class=\"elementor-widget-container\">\n\t\t\t\t\t<h2 class=\"elementor-heading-title elementor-size-default\">TECNOLOGIA<\/h2>\t\t\t\t<\/div>\n\t\t\t\t<\/div>\n\t\t\t\t<div class=\"elementor-element elementor-element-8502c2f elementor-widget elementor-widget-text-editor\" data-id=\"8502c2f\" data-element_type=\"widget\" data-e-type=\"widget\" data-widget_type=\"text-editor.default\">\n\t\t\t\t<div class=\"elementor-widget-container\">\n\t\t\t\t\t\t\t\t\t<p>A Grafiks utilitzem les millors t\u00e8cniques i eines per poder garantir resultats excel\u00b7lents<\/p>\n\t\t\t\t\t\t\t\t<\/div>\n\t\t\t\t<\/div>\n\t\t\t\t\t<\/div>\n\t\t\t\t<\/div>\n\t\t<div class=\"elementor-element elementor-element-f1be09b e-flex e-con-boxed qodef-elementor-content-no e-con e-parent\" data-id=\"f1be09b\" data-element_type=\"container\" data-e-type=\"container\">\n\t\t\t\t\t<div class=\"e-con-inner\">\n\t\t<div class=\"elementor-element elementor-element-88f3379 e-con-full e-flex qodef-elementor-content-no e-con e-child\" data-id=\"88f3379\" data-element_type=\"container\" data-e-type=\"container\">\n\t\t\t\t<div class=\"elementor-element elementor-element-38e9313 elementor-widget elementor-widget-spacer\" data-id=\"38e9313\" data-element_type=\"widget\" data-e-type=\"widget\" data-widget_type=\"spacer.default\">\n\t\t\t\t<div class=\"elementor-widget-container\">\n\t\t\t\t\t\t\t<div class=\"elementor-spacer\">\n\t\t\t<div class=\"elementor-spacer-inner\"><\/div>\n\t\t<\/div>\n\t\t\t\t\t\t<\/div>\n\t\t\t\t<\/div>\n\t\t\t\t<div class=\"elementor-element elementor-element-72eb6fd elementor-widget elementor-widget-heading\" data-id=\"72eb6fd\" data-element_type=\"widget\" data-e-type=\"widget\" data-widget_type=\"heading.default\">\n\t\t\t\t<div class=\"elementor-widget-container\">\n\t\t\t\t\t<h2 class=\"elementor-heading-title elementor-size-default\">Gesti\u00f3 del color<\/h2>\t\t\t\t<\/div>\n\t\t\t\t<\/div>\n\t\t\t\t<div class=\"elementor-element elementor-element-f46a953 elementor-widget-divider--view-line elementor-widget elementor-widget-divider\" data-id=\"f46a953\" data-element_type=\"widget\" data-e-type=\"widget\" data-widget_type=\"divider.default\">\n\t\t\t\t<div class=\"elementor-widget-container\">\n\t\t\t\t\t\t\t<div class=\"elementor-divider\">\n\t\t\t<span class=\"elementor-divider-separator\">\n\t\t\t\t\t\t<\/span>\n\t\t<\/div>\n\t\t\t\t\t\t<\/div>\n\t\t\t\t<\/div>\n\t\t\t\t<div class=\"elementor-element elementor-element-8daf4f4 elementor-widget elementor-widget-text-editor\" data-id=\"8daf4f4\" data-element_type=\"widget\" data-e-type=\"widget\" data-widget_type=\"text-editor.default\">\n\t\t\t\t<div class=\"elementor-widget-container\">\n\t\t\t\t\t\t\t\t\t<p class=\"texto_general\">El nostre sistema d\u00b4impressi\u00f3 de color adaptat als materials a produir ens garanteix una fidel reproducci\u00f3 dels colors corporatius dels nostres clients.<\/p>\n<p class=\"texto_general\">Amb equips d&#8217;avantguarda totalment calibrats i amb les \u00faltimes tecnologies de sistemes d&#8217;impressi\u00f3, assegurem la reproducci\u00f3 correcta del disseny o originals a produir.<\/p>\n\t\t\t\t\t\t\t\t<\/div>\n\t\t\t\t<\/div>\n\t\t\t\t<div class=\"elementor-element elementor-element-4a31aaa elementor-widget elementor-widget-image\" data-id=\"4a31aaa\" data-element_type=\"widget\" data-e-type=\"widget\" data-widget_type=\"image.default\">\n\t\t\t\t<div class=\"elementor-widget-container\">\n\t\t\t\t\t\t\t\t\t\t\t\t\t\t\t<img fetchpriority=\"high\" decoding=\"async\" width=\"600\" height=\"900\" src=\"https:\/\/grafiksestudio.com\/wp-content\/uploads\/2025\/03\/TECNOLOGIA_-GESTION-DE-COLOR.jpg\" class=\"attachment-full size-full wp-image-6477\" alt=\"\" srcset=\"https:\/\/grafiksestudio.com\/wp-content\/uploads\/2025\/03\/TECNOLOGIA_-GESTION-DE-COLOR.jpg 600w, https:\/\/grafiksestudio.com\/wp-content\/uploads\/2025\/03\/TECNOLOGIA_-GESTION-DE-COLOR-200x300.jpg 200w\" sizes=\"(max-width: 600px) 100vw, 600px\" \/>\t\t\t\t\t\t\t\t\t\t\t\t\t\t\t<\/div>\n\t\t\t\t<\/div>\n\t\t\t\t<\/div>\n\t\t<div class=\"elementor-element elementor-element-5e6bba7 e-con-full e-flex qodef-elementor-content-no e-con e-child\" data-id=\"5e6bba7\" data-element_type=\"container\" data-e-type=\"container\">\n\t\t\t\t<div class=\"elementor-element elementor-element-b59c44e elementor-widget elementor-widget-spacer\" data-id=\"b59c44e\" data-element_type=\"widget\" data-e-type=\"widget\" data-widget_type=\"spacer.default\">\n\t\t\t\t<div class=\"elementor-widget-container\">\n\t\t\t\t\t\t\t<div class=\"elementor-spacer\">\n\t\t\t<div class=\"elementor-spacer-inner\"><\/div>\n\t\t<\/div>\n\t\t\t\t\t\t<\/div>\n\t\t\t\t<\/div>\n\t\t\t\t<div class=\"elementor-element elementor-element-e802916 elementor-widget elementor-widget-heading\" data-id=\"e802916\" data-element_type=\"widget\" data-e-type=\"widget\" data-widget_type=\"heading.default\">\n\t\t\t\t<div class=\"elementor-widget-container\">\n\t\t\t\t\t<h2 class=\"elementor-heading-title elementor-size-default\">Impressi\u00f3 L\u00e0tex<\/h2>\t\t\t\t<\/div>\n\t\t\t\t<\/div>\n\t\t\t\t<div class=\"elementor-element elementor-element-012c256 elementor-widget-divider--view-line elementor-widget elementor-widget-divider\" data-id=\"012c256\" data-element_type=\"widget\" data-e-type=\"widget\" data-widget_type=\"divider.default\">\n\t\t\t\t<div class=\"elementor-widget-container\">\n\t\t\t\t\t\t\t<div class=\"elementor-divider\">\n\t\t\t<span class=\"elementor-divider-separator\">\n\t\t\t\t\t\t<\/span>\n\t\t<\/div>\n\t\t\t\t\t\t<\/div>\n\t\t\t\t<\/div>\n\t\t\t\t<div class=\"elementor-element elementor-element-b9920ca elementor-widget elementor-widget-text-editor\" data-id=\"b9920ca\" data-element_type=\"widget\" data-e-type=\"widget\" data-widget_type=\"text-editor.default\">\n\t\t\t\t<div class=\"elementor-widget-container\">\n\t\t\t\t\t\t\t\t\t<p class=\"texto_general\">Imatges d\u00b4alta qualitat en qualsevol tipus de suport, amb colors vius i formes molt n\u00edtides. Impressions de llarga durada que suporten les inclem\u00e8ncies del temps i, a m\u00e9s, respectuoses amb el medi ambient. <\/p>\n<p class=\"texto_general\">La impressora de l\u00e0tex imprimeix material exterior i interior en diversos substrats publicitaris tradicionals (inclosos t\u00e8xtils). Tamb\u00e9 ofereix impressions d&#8217;alta qualitat, de llarga durada i resistents a les ratllades comparables a les que utilitzen tintes de dissolvent dur. <\/p>\n\t\t\t\t\t\t\t\t<\/div>\n\t\t\t\t<\/div>\n\t\t\t\t<div class=\"elementor-element elementor-element-de44c2c elementor-widget elementor-widget-image\" data-id=\"de44c2c\" data-element_type=\"widget\" data-e-type=\"widget\" data-widget_type=\"image.default\">\n\t\t\t\t<div class=\"elementor-widget-container\">\n\t\t\t\t\t\t\t\t\t\t\t\t\t\t\t<img decoding=\"async\" width=\"600\" height=\"900\" src=\"https:\/\/grafiksestudio.com\/wp-content\/uploads\/2025\/03\/TECNOLOGIA_IMPRESION-LATEX.jpg\" class=\"attachment-full size-full wp-image-6483\" alt=\"\" srcset=\"https:\/\/grafiksestudio.com\/wp-content\/uploads\/2025\/03\/TECNOLOGIA_IMPRESION-LATEX.jpg 600w, https:\/\/grafiksestudio.com\/wp-content\/uploads\/2025\/03\/TECNOLOGIA_IMPRESION-LATEX-200x300.jpg 200w\" sizes=\"(max-width: 600px) 100vw, 600px\" \/>\t\t\t\t\t\t\t\t\t\t\t\t\t\t\t<\/div>\n\t\t\t\t<\/div>\n\t\t\t\t<\/div>\n\t\t\t\t\t<\/div>\n\t\t\t\t<\/div>\n\t\t<div class=\"elementor-element elementor-element-222c825 e-flex e-con-boxed qodef-elementor-content-no e-con e-parent\" data-id=\"222c825\" data-element_type=\"container\" data-e-type=\"container\">\n\t\t\t\t\t<div class=\"e-con-inner\">\n\t\t<div class=\"elementor-element elementor-element-7810f44 e-con-full e-flex qodef-elementor-content-no e-con e-child\" data-id=\"7810f44\" data-element_type=\"container\" data-e-type=\"container\">\n\t\t\t\t<div class=\"elementor-element elementor-element-8f48a3a elementor-widget elementor-widget-heading\" data-id=\"8f48a3a\" data-element_type=\"widget\" data-e-type=\"widget\" data-widget_type=\"heading.default\">\n\t\t\t\t<div class=\"elementor-widget-container\">\n\t\t\t\t\t<h2 class=\"elementor-heading-title elementor-size-default\">Impressi\u00f3 directa sobre suport r\u00edgid o bobina gran format<\/h2>\t\t\t\t<\/div>\n\t\t\t\t<\/div>\n\t\t\t\t<div class=\"elementor-element elementor-element-85162ee elementor-widget-divider--view-line elementor-widget elementor-widget-divider\" data-id=\"85162ee\" data-element_type=\"widget\" data-e-type=\"widget\" data-widget_type=\"divider.default\">\n\t\t\t\t<div class=\"elementor-widget-container\">\n\t\t\t\t\t\t\t<div class=\"elementor-divider\">\n\t\t\t<span class=\"elementor-divider-separator\">\n\t\t\t\t\t\t<\/span>\n\t\t<\/div>\n\t\t\t\t\t\t<\/div>\n\t\t\t\t<\/div>\n\t\t\t\t<div class=\"elementor-element elementor-element-d26da7b elementor-widget elementor-widget-text-editor\" data-id=\"d26da7b\" data-element_type=\"widget\" data-e-type=\"widget\" data-widget_type=\"text-editor.default\">\n\t\t\t\t<div class=\"elementor-widget-container\">\n\t\t\t\t\t\t\t\t\t<div class=\"container\">\n<div class=\"row white_box_40\">\n<div class=\"col-xs-12 col-sm-6\">\n<p class=\"texto_general\">Gr\u00e0cies a la tecnologia d&#8217;impressi\u00f3 plana podem imprimir directament sobre planxes i\/o suports r\u00edgids de gran varietat.<\/p>\n<p>La seva gran amplada ens permet crear gegantografies tant r\u00edgides (planxes, fustes, etc.) com a flexibles en lones gegants o paper.<\/p>\n<\/div>\n<\/div>\n<\/div>\n\t\t\t\t\t\t\t\t<\/div>\n\t\t\t\t<\/div>\n\t\t\t\t<div class=\"elementor-element elementor-element-49464c3 elementor-widget elementor-widget-image\" data-id=\"49464c3\" data-element_type=\"widget\" data-e-type=\"widget\" data-widget_type=\"image.default\">\n\t\t\t\t<div class=\"elementor-widget-container\">\n\t\t\t\t\t\t\t\t\t\t\t\t\t\t\t<img decoding=\"async\" width=\"600\" height=\"900\" src=\"https:\/\/grafiksestudio.com\/wp-content\/uploads\/2025\/03\/TECNOLOGIA_IMPRESION-GRAN-FORMATO.jpg\" class=\"attachment-full size-full wp-image-6480\" alt=\"\" srcset=\"https:\/\/grafiksestudio.com\/wp-content\/uploads\/2025\/03\/TECNOLOGIA_IMPRESION-GRAN-FORMATO.jpg 600w, https:\/\/grafiksestudio.com\/wp-content\/uploads\/2025\/03\/TECNOLOGIA_IMPRESION-GRAN-FORMATO-200x300.jpg 200w\" sizes=\"(max-width: 600px) 100vw, 600px\" \/>\t\t\t\t\t\t\t\t\t\t\t\t\t\t\t<\/div>\n\t\t\t\t<\/div>\n\t\t\t\t<\/div>\n\t\t<div class=\"elementor-element elementor-element-a62dec7 e-con-full e-flex qodef-elementor-content-no e-con e-child\" data-id=\"a62dec7\" data-element_type=\"container\" data-e-type=\"container\">\n\t\t\t\t<div class=\"elementor-element elementor-element-cf17384 elementor-widget elementor-widget-heading\" data-id=\"cf17384\" data-element_type=\"widget\" data-e-type=\"widget\" data-widget_type=\"heading.default\">\n\t\t\t\t<div class=\"elementor-widget-container\">\n\t\t\t\t\t<h2 class=\"elementor-heading-title elementor-size-default\">Tall de materials<\/h2>\t\t\t\t<\/div>\n\t\t\t\t<\/div>\n\t\t\t\t<div class=\"elementor-element elementor-element-dab2076 elementor-widget-divider--view-line elementor-widget elementor-widget-divider\" data-id=\"dab2076\" data-element_type=\"widget\" data-e-type=\"widget\" data-widget_type=\"divider.default\">\n\t\t\t\t<div class=\"elementor-widget-container\">\n\t\t\t\t\t\t\t<div class=\"elementor-divider\">\n\t\t\t<span class=\"elementor-divider-separator\">\n\t\t\t\t\t\t<\/span>\n\t\t<\/div>\n\t\t\t\t\t\t<\/div>\n\t\t\t\t<\/div>\n\t\t\t\t<div class=\"elementor-element elementor-element-cd2a8db elementor-widget elementor-widget-text-editor\" data-id=\"cd2a8db\" data-element_type=\"widget\" data-e-type=\"widget\" data-widget_type=\"text-editor.default\">\n\t\t\t\t<div class=\"elementor-widget-container\">\n\t\t\t\t\t\t\t\t\t<p class=\"texto_general\">Sistema de tall de gran precisi\u00f3 i rapidesa que ens permet obtenir formes i textos encunyats en vinil adhesiu o tall de materials tous ideals per a la retolaci\u00f3.<\/p>\n<p class=\"texto_general\">El sistema \u00f2ptic d&#8217;alineament ens permet encunyar gr\u00e0fics valuosos de vinil ja impresos amb plena confian\u00e7a i facilitat, podent crear formes irregulars.<\/p>\n\t\t\t\t\t\t\t\t<\/div>\n\t\t\t\t<\/div>\n\t\t\t\t<div class=\"elementor-element elementor-element-b852055 elementor-widget elementor-widget-image\" data-id=\"b852055\" data-element_type=\"widget\" data-e-type=\"widget\" data-widget_type=\"image.default\">\n\t\t\t\t<div class=\"elementor-widget-container\">\n\t\t\t\t\t\t\t\t\t\t\t\t\t\t\t<img loading=\"lazy\" decoding=\"async\" width=\"600\" height=\"900\" src=\"https:\/\/grafiksestudio.com\/wp-content\/uploads\/2025\/03\/TECNLOGIA_MAQUINA-DE-CORTE.jpg\" class=\"attachment-full size-full wp-image-6474\" alt=\"\" srcset=\"https:\/\/grafiksestudio.com\/wp-content\/uploads\/2025\/03\/TECNLOGIA_MAQUINA-DE-CORTE.jpg 600w, https:\/\/grafiksestudio.com\/wp-content\/uploads\/2025\/03\/TECNLOGIA_MAQUINA-DE-CORTE-200x300.jpg 200w\" sizes=\"(max-width: 600px) 100vw, 600px\" \/>\t\t\t\t\t\t\t\t\t\t\t\t\t\t\t<\/div>\n\t\t\t\t<\/div>\n\t\t\t\t<\/div>\n\t\t\t\t\t<\/div>\n\t\t\t\t<\/div>\n\t\t<div class=\"elementor-element elementor-element-33c135e e-flex e-con-boxed qodef-elementor-content-no e-con e-parent\" data-id=\"33c135e\" data-element_type=\"container\" data-e-type=\"container\">\n\t\t\t\t\t<div class=\"e-con-inner\">\n\t\t\t\t<div class=\"elementor-element elementor-element-d7ab351 elementor-widget elementor-widget-spacer\" data-id=\"d7ab351\" data-element_type=\"widget\" data-e-type=\"widget\" data-widget_type=\"spacer.default\">\n\t\t\t\t<div class=\"elementor-widget-container\">\n\t\t\t\t\t\t\t<div class=\"elementor-spacer\">\n\t\t\t<div class=\"elementor-spacer-inner\"><\/div>\n\t\t<\/div>\n\t\t\t\t\t\t<\/div>\n\t\t\t\t<\/div>\n\t\t\t\t\t<\/div>\n\t\t\t\t<\/div>\n\t\t\t\t<\/div>\n\t\t","protected":false},"excerpt":{"rendered":"<p>TECNOLOGIA A Grafiks utilitzem les millors t\u00e8cniques i eines per poder garantir resultats excel\u00b7lents Gesti\u00f3 del color El nostre sistema d\u00b4impressi\u00f3 de color adaptat als materials a produir ens garanteix una fidel reproducci\u00f3 dels colors corporatius dels nostres clients. Amb equips d&#8217;avantguarda totalment calibrats i amb les \u00faltimes tecnologies de sistemes d&#8217;impressi\u00f3, assegurem la reproducci\u00f3 [&hellip;]<\/p>\n","protected":false},"author":2,"featured_media":2854,"parent":0,"menu_order":0,"comment_status":"closed","ping_status":"closed","template":"","meta":{"_joinchat":[],"footnotes":""},"class_list":["post-2852","page","type-page","status-publish","has-post-thumbnail","hentry"],"yoast_head":"<!-- This site is optimized with the Yoast SEO plugin v27.3 - https:\/\/yoast.com\/product\/yoast-seo-wordpress\/ -->\n<title>Tecnologia - Grafiks estudio<\/title>\n<meta name=\"description\" content=\"A Grafiks utilitzem les millors t\u00e8cniques i eines per poder garantir resultats excel\u00b7lents perqu\u00e8 els teus projectes brillin.\" \/>\n<meta name=\"robots\" content=\"index, follow, max-snippet:-1, max-image-preview:large, max-video-preview:-1\" \/>\n<link rel=\"canonical\" href=\"https:\/\/grafiksestudio.com\/ca\/tecnologia\/\" \/>\n<meta property=\"og:locale\" content=\"ca_ES\" \/>\n<meta property=\"og:type\" content=\"article\" \/>\n<meta property=\"og:title\" content=\"Tecnologia - Grafiks estudio\" \/>\n<meta property=\"og:description\" content=\"A Grafiks utilitzem les millors t\u00e8cniques i eines per poder garantir resultats excel\u00b7lents perqu\u00e8 els teus projectes brillin.\" \/>\n<meta property=\"og:url\" content=\"https:\/\/grafiksestudio.com\/ca\/tecnologia\/\" \/>\n<meta property=\"og:site_name\" content=\"Grafiks\" \/>\n<meta property=\"article:publisher\" content=\"https:\/\/www.facebook.com\/GFKGrafiksestudio\" \/>\n<meta property=\"article:modified_time\" content=\"2025-03-24T09:41:53+00:00\" \/>\n<meta property=\"og:image\" content=\"https:\/\/grafiksestudio.com\/wp-content\/uploads\/2024\/04\/shutterstock_2227689341.jpeg\" \/>\n\t<meta property=\"og:image:width\" content=\"1000\" \/>\n\t<meta property=\"og:image:height\" content=\"665\" \/>\n\t<meta property=\"og:image:type\" content=\"image\/jpeg\" \/>\n<meta name=\"twitter:card\" content=\"summary_large_image\" \/>\n<meta name=\"twitter:label1\" content=\"Temps estimat de lectura\" \/>\n\t<meta name=\"twitter:data1\" content=\"1 minut\" \/>\n<script type=\"application\/ld+json\" class=\"yoast-schema-graph\">{\"@context\":\"https:\\\/\\\/schema.org\",\"@graph\":[{\"@type\":\"WebPage\",\"@id\":\"https:\\\/\\\/grafiksestudio.com\\\/ca\\\/tecnologia\\\/\",\"url\":\"https:\\\/\\\/grafiksestudio.com\\\/ca\\\/tecnologia\\\/\",\"name\":\"Tecnologia - Grafiks estudio\",\"isPartOf\":{\"@id\":\"https:\\\/\\\/grafiksestudio.com\\\/ca\\\/#website\"},\"primaryImageOfPage\":{\"@id\":\"https:\\\/\\\/grafiksestudio.com\\\/ca\\\/tecnologia\\\/#primaryimage\"},\"image\":{\"@id\":\"https:\\\/\\\/grafiksestudio.com\\\/ca\\\/tecnologia\\\/#primaryimage\"},\"thumbnailUrl\":\"https:\\\/\\\/grafiksestudio.com\\\/wp-content\\\/uploads\\\/2024\\\/04\\\/shutterstock_2227689341.jpeg\",\"datePublished\":\"2024-04-12T09:43:02+00:00\",\"dateModified\":\"2025-03-24T09:41:53+00:00\",\"description\":\"A Grafiks utilitzem les millors t\u00e8cniques i eines per poder garantir resultats excel\u00b7lents perqu\u00e8 els teus projectes brillin.\",\"breadcrumb\":{\"@id\":\"https:\\\/\\\/grafiksestudio.com\\\/ca\\\/tecnologia\\\/#breadcrumb\"},\"inLanguage\":\"ca\",\"potentialAction\":[{\"@type\":\"ReadAction\",\"target\":[\"https:\\\/\\\/grafiksestudio.com\\\/ca\\\/tecnologia\\\/\"]}]},{\"@type\":\"ImageObject\",\"inLanguage\":\"ca\",\"@id\":\"https:\\\/\\\/grafiksestudio.com\\\/ca\\\/tecnologia\\\/#primaryimage\",\"url\":\"https:\\\/\\\/grafiksestudio.com\\\/wp-content\\\/uploads\\\/2024\\\/04\\\/shutterstock_2227689341.jpeg\",\"contentUrl\":\"https:\\\/\\\/grafiksestudio.com\\\/wp-content\\\/uploads\\\/2024\\\/04\\\/shutterstock_2227689341.jpeg\",\"width\":1000,\"height\":665},{\"@type\":\"BreadcrumbList\",\"@id\":\"https:\\\/\\\/grafiksestudio.com\\\/ca\\\/tecnologia\\\/#breadcrumb\",\"itemListElement\":[{\"@type\":\"ListItem\",\"position\":1,\"name\":\"Portada\",\"item\":\"https:\\\/\\\/grafiksestudio.com\\\/ca\\\/home\\\/\"},{\"@type\":\"ListItem\",\"position\":2,\"name\":\"Tecnologia\"}]},{\"@type\":\"WebSite\",\"@id\":\"https:\\\/\\\/grafiksestudio.com\\\/ca\\\/#website\",\"url\":\"https:\\\/\\\/grafiksestudio.com\\\/ca\\\/\",\"name\":\"Grafiks\",\"description\":\"Servicios integrales de rotulaci\u00f3n\",\"publisher\":{\"@id\":\"https:\\\/\\\/grafiksestudio.com\\\/ca\\\/#organization\"},\"alternateName\":\"Grafiks\",\"potentialAction\":[{\"@type\":\"SearchAction\",\"target\":{\"@type\":\"EntryPoint\",\"urlTemplate\":\"https:\\\/\\\/grafiksestudio.com\\\/ca\\\/?s={search_term_string}\"},\"query-input\":{\"@type\":\"PropertyValueSpecification\",\"valueRequired\":true,\"valueName\":\"search_term_string\"}}],\"inLanguage\":\"ca\"},{\"@type\":\"Organization\",\"@id\":\"https:\\\/\\\/grafiksestudio.com\\\/ca\\\/#organization\",\"name\":\"Grafiks\",\"alternateName\":\"Grafiks\",\"url\":\"https:\\\/\\\/grafiksestudio.com\\\/ca\\\/\",\"logo\":{\"@type\":\"ImageObject\",\"inLanguage\":\"ca\",\"@id\":\"https:\\\/\\\/grafiksestudio.com\\\/ca\\\/#\\\/schema\\\/logo\\\/image\\\/\",\"url\":\"https:\\\/\\\/grafiksestudio.com\\\/wp-content\\\/uploads\\\/2024\\\/04\\\/BL_LOGO_GRAFIKS20_WEB-listo.png\",\"contentUrl\":\"https:\\\/\\\/grafiksestudio.com\\\/wp-content\\\/uploads\\\/2024\\\/04\\\/BL_LOGO_GRAFIKS20_WEB-listo.png\",\"width\":600,\"height\":93,\"caption\":\"Grafiks\"},\"image\":{\"@id\":\"https:\\\/\\\/grafiksestudio.com\\\/ca\\\/#\\\/schema\\\/logo\\\/image\\\/\"},\"sameAs\":[\"https:\\\/\\\/www.facebook.com\\\/GFKGrafiksestudio\",\"https:\\\/\\\/www.instagram.com\\\/grafiksestudio\\\/\",\"https:\\\/\\\/www.linkedin.com\\\/company\\\/grafiks-estudio\\\/\",\"https:\\\/\\\/www.tiktok.com\\\/@grafiksestudio\"]}]}<\/script>\n<!-- \/ Yoast SEO plugin. -->","yoast_head_json":{"title":"Tecnologia - Grafiks estudio","description":"A Grafiks utilitzem les millors t\u00e8cniques i eines per poder garantir resultats excel\u00b7lents perqu\u00e8 els teus projectes brillin.","robots":{"index":"index","follow":"follow","max-snippet":"max-snippet:-1","max-image-preview":"max-image-preview:large","max-video-preview":"max-video-preview:-1"},"canonical":"https:\/\/grafiksestudio.com\/ca\/tecnologia\/","og_locale":"ca_ES","og_type":"article","og_title":"Tecnologia - Grafiks estudio","og_description":"A Grafiks utilitzem les millors t\u00e8cniques i eines per poder garantir resultats excel\u00b7lents perqu\u00e8 els teus projectes brillin.","og_url":"https:\/\/grafiksestudio.com\/ca\/tecnologia\/","og_site_name":"Grafiks","article_publisher":"https:\/\/www.facebook.com\/GFKGrafiksestudio","article_modified_time":"2025-03-24T09:41:53+00:00","og_image":[{"width":1000,"height":665,"url":"https:\/\/grafiksestudio.com\/wp-content\/uploads\/2024\/04\/shutterstock_2227689341.jpeg","type":"image\/jpeg"}],"twitter_card":"summary_large_image","twitter_misc":{"Temps estimat de lectura":"1 minut"},"schema":{"@context":"https:\/\/schema.org","@graph":[{"@type":"WebPage","@id":"https:\/\/grafiksestudio.com\/ca\/tecnologia\/","url":"https:\/\/grafiksestudio.com\/ca\/tecnologia\/","name":"Tecnologia - Grafiks estudio","isPartOf":{"@id":"https:\/\/grafiksestudio.com\/ca\/#website"},"primaryImageOfPage":{"@id":"https:\/\/grafiksestudio.com\/ca\/tecnologia\/#primaryimage"},"image":{"@id":"https:\/\/grafiksestudio.com\/ca\/tecnologia\/#primaryimage"},"thumbnailUrl":"https:\/\/grafiksestudio.com\/wp-content\/uploads\/2024\/04\/shutterstock_2227689341.jpeg","datePublished":"2024-04-12T09:43:02+00:00","dateModified":"2025-03-24T09:41:53+00:00","description":"A Grafiks utilitzem les millors t\u00e8cniques i eines per poder garantir resultats excel\u00b7lents perqu\u00e8 els teus projectes brillin.","breadcrumb":{"@id":"https:\/\/grafiksestudio.com\/ca\/tecnologia\/#breadcrumb"},"inLanguage":"ca","potentialAction":[{"@type":"ReadAction","target":["https:\/\/grafiksestudio.com\/ca\/tecnologia\/"]}]},{"@type":"ImageObject","inLanguage":"ca","@id":"https:\/\/grafiksestudio.com\/ca\/tecnologia\/#primaryimage","url":"https:\/\/grafiksestudio.com\/wp-content\/uploads\/2024\/04\/shutterstock_2227689341.jpeg","contentUrl":"https:\/\/grafiksestudio.com\/wp-content\/uploads\/2024\/04\/shutterstock_2227689341.jpeg","width":1000,"height":665},{"@type":"BreadcrumbList","@id":"https:\/\/grafiksestudio.com\/ca\/tecnologia\/#breadcrumb","itemListElement":[{"@type":"ListItem","position":1,"name":"Portada","item":"https:\/\/grafiksestudio.com\/ca\/home\/"},{"@type":"ListItem","position":2,"name":"Tecnologia"}]},{"@type":"WebSite","@id":"https:\/\/grafiksestudio.com\/ca\/#website","url":"https:\/\/grafiksestudio.com\/ca\/","name":"Grafiks","description":"Servicios integrales de rotulaci\u00f3n","publisher":{"@id":"https:\/\/grafiksestudio.com\/ca\/#organization"},"alternateName":"Grafiks","potentialAction":[{"@type":"SearchAction","target":{"@type":"EntryPoint","urlTemplate":"https:\/\/grafiksestudio.com\/ca\/?s={search_term_string}"},"query-input":{"@type":"PropertyValueSpecification","valueRequired":true,"valueName":"search_term_string"}}],"inLanguage":"ca"},{"@type":"Organization","@id":"https:\/\/grafiksestudio.com\/ca\/#organization","name":"Grafiks","alternateName":"Grafiks","url":"https:\/\/grafiksestudio.com\/ca\/","logo":{"@type":"ImageObject","inLanguage":"ca","@id":"https:\/\/grafiksestudio.com\/ca\/#\/schema\/logo\/image\/","url":"https:\/\/grafiksestudio.com\/wp-content\/uploads\/2024\/04\/BL_LOGO_GRAFIKS20_WEB-listo.png","contentUrl":"https:\/\/grafiksestudio.com\/wp-content\/uploads\/2024\/04\/BL_LOGO_GRAFIKS20_WEB-listo.png","width":600,"height":93,"caption":"Grafiks"},"image":{"@id":"https:\/\/grafiksestudio.com\/ca\/#\/schema\/logo\/image\/"},"sameAs":["https:\/\/www.facebook.com\/GFKGrafiksestudio","https:\/\/www.instagram.com\/grafiksestudio\/","https:\/\/www.linkedin.com\/company\/grafiks-estudio\/","https:\/\/www.tiktok.com\/@grafiksestudio"]}]}},"_links":{"self":[{"href":"https:\/\/grafiksestudio.com\/ca\/wp-json\/wp\/v2\/pages\/2852","targetHints":{"allow":["GET"]}}],"collection":[{"href":"https:\/\/grafiksestudio.com\/ca\/wp-json\/wp\/v2\/pages"}],"about":[{"href":"https:\/\/grafiksestudio.com\/ca\/wp-json\/wp\/v2\/types\/page"}],"author":[{"embeddable":true,"href":"https:\/\/grafiksestudio.com\/ca\/wp-json\/wp\/v2\/users\/2"}],"replies":[{"embeddable":true,"href":"https:\/\/grafiksestudio.com\/ca\/wp-json\/wp\/v2\/comments?post=2852"}],"version-history":[{"count":0,"href":"https:\/\/grafiksestudio.com\/ca\/wp-json\/wp\/v2\/pages\/2852\/revisions"}],"wp:featuredmedia":[{"embeddable":true,"href":"https:\/\/grafiksestudio.com\/ca\/wp-json\/wp\/v2\/media\/2854"}],"wp:attachment":[{"href":"https:\/\/grafiksestudio.com\/ca\/wp-json\/wp\/v2\/media?parent=2852"}],"curies":[{"name":"wp","href":"https:\/\/api.w.org\/{rel}","templated":true}]}}