{"id":3055,"date":"2024-04-12T11:00:31","date_gmt":"2024-04-12T11:00:31","guid":{"rendered":"https:\/\/grafiksestudio.com\/politica-de-privadesa\/"},"modified":"2024-09-25T13:25:24","modified_gmt":"2024-09-25T13:25:24","slug":"politica-de-privadesa","status":"publish","type":"page","link":"https:\/\/grafiksestudio.com\/ca\/politica-de-privadesa\/","title":{"rendered":"Pol\u00edtica de Privadesa"},"content":{"rendered":"\t\t<div data-elementor-type=\"wp-page\" data-elementor-id=\"3055\" class=\"elementor elementor-3055 elementor-567\" data-elementor-post-type=\"page\">\n\t\t\t\t<div class=\"elementor-element elementor-element-3ae1ad8 e-flex e-con-boxed qodef-elementor-content-no e-con e-parent\" data-id=\"3ae1ad8\" data-element_type=\"container\" data-e-type=\"container\" data-settings=\"{&quot;background_background&quot;:&quot;classic&quot;}\">\n\t\t\t\t\t<div class=\"e-con-inner\">\n\t\t\t\t<div class=\"elementor-element elementor-element-0efa6ef elementor-widget elementor-widget-heading\" data-id=\"0efa6ef\" data-element_type=\"widget\" data-e-type=\"widget\" data-widget_type=\"heading.default\">\n\t\t\t\t<div class=\"elementor-widget-container\">\n\t\t\t\t\t<h2 class=\"elementor-heading-title elementor-size-default\">Pol\u00edtica de Privadesa<\/h2>\t\t\t\t<\/div>\n\t\t\t\t<\/div>\n\t\t\t\t<div class=\"elementor-element elementor-element-8502c2f elementor-widget elementor-widget-text-editor\" data-id=\"8502c2f\" data-element_type=\"widget\" data-e-type=\"widget\" data-widget_type=\"text-editor.default\">\n\t\t\t\t<div class=\"elementor-widget-container\">\n\t\t\t\t\t\t\t\t\t<p>Grafiks<\/p>\n\t\t\t\t\t\t\t\t<\/div>\n\t\t\t\t<\/div>\n\t\t\t\t\t<\/div>\n\t\t\t\t<\/div>\n\t\t<div class=\"elementor-element elementor-element-5a79615 e-flex e-con-boxed qodef-elementor-content-no e-con e-parent\" data-id=\"5a79615\" data-element_type=\"container\" data-e-type=\"container\" data-settings=\"{&quot;background_background&quot;:&quot;classic&quot;}\">\n\t\t\t\t\t<div class=\"e-con-inner\">\n\t\t\t\t<div class=\"elementor-element elementor-element-a2856e5 elementor-widget elementor-widget-spacer\" data-id=\"a2856e5\" data-element_type=\"widget\" data-e-type=\"widget\" data-widget_type=\"spacer.default\">\n\t\t\t\t<div class=\"elementor-widget-container\">\n\t\t\t\t\t\t\t<div class=\"elementor-spacer\">\n\t\t\t<div class=\"elementor-spacer-inner\"><\/div>\n\t\t<\/div>\n\t\t\t\t\t\t<\/div>\n\t\t\t\t<\/div>\n\t\t\t\t<div class=\"elementor-element elementor-element-3e45ac7 elementor-widget elementor-widget-spacer\" data-id=\"3e45ac7\" data-element_type=\"widget\" data-e-type=\"widget\" data-widget_type=\"spacer.default\">\n\t\t\t\t<div class=\"elementor-widget-container\">\n\t\t\t\t\t\t\t<div class=\"elementor-spacer\">\n\t\t\t<div class=\"elementor-spacer-inner\"><\/div>\n\t\t<\/div>\n\t\t\t\t\t\t<\/div>\n\t\t\t\t<\/div>\n\t\t\t\t<div class=\"elementor-element elementor-element-165ba9e elementor-widget elementor-widget-heading\" data-id=\"165ba9e\" data-element_type=\"widget\" data-e-type=\"widget\" data-widget_type=\"heading.default\">\n\t\t\t\t<div class=\"elementor-widget-container\">\n\t\t\t\t\t<h2 class=\"elementor-heading-title elementor-size-default\">Pol\u00edtica de Privadesa<\/h2>\t\t\t\t<\/div>\n\t\t\t\t<\/div>\n\t\t\t\t<div class=\"elementor-element elementor-element-53901df elementor-widget-divider--view-line elementor-widget elementor-widget-divider\" data-id=\"53901df\" data-element_type=\"widget\" data-e-type=\"widget\" data-widget_type=\"divider.default\">\n\t\t\t\t<div class=\"elementor-widget-container\">\n\t\t\t\t\t\t\t<div class=\"elementor-divider\">\n\t\t\t<span class=\"elementor-divider-separator\">\n\t\t\t\t\t\t<\/span>\n\t\t<\/div>\n\t\t\t\t\t\t<\/div>\n\t\t\t\t<\/div>\n\t\t\t\t<div class=\"elementor-element elementor-element-8e491db elementor-widget elementor-widget-text-editor\" data-id=\"8e491db\" data-element_type=\"widget\" data-e-type=\"widget\" data-widget_type=\"text-editor.default\">\n\t\t\t\t<div class=\"elementor-widget-container\">\n\t\t\t\t\t\t\t\t\t<ol>\n<li><b> INFORMACI\u00d3 A L&#8217;USUARI<\/b><\/li>\n<\/ol>\n<p><b>Qui \u00e9s el responsable del tractament de les teves dades personals?<\/b><\/p>\n<p><b>MONTEBARCE SL<\/b> <span style=\"font-weight: 400;\">\u00e9s el RESPONSABLE del tractament de les dades personals de l&#8217;USUARI i us informa que aquestes dades seran tractades de conformitat amb el que disposa el Reglament (UE) 2016\/679, de 27 d&#8217;abril (GDPR), i la Llei Org\u00e0nica 3 \/2018, del 5 de desembre (LOPDGDD).<\/span><\/p>\n<p><b>Per qu\u00e8 tractem les teves dades personals i per qu\u00e8 ho fem?<\/b><\/p>\n<p><span style=\"font-weight: 400;\">Segons el formulari on haguem obtingut les vostres dades personals, les tractarem de manera confidencial per assolir les seg\u00fcents finalitats:<\/span><\/p>\n<p><span style=\"font-weight: 400;\">Al formulari<\/span> <b>Contacte<\/b><\/p>\n<ul>\n<li style=\"font-weight: 400;\" aria-level=\"1\"><span style=\"font-weight: 400;\">Dar respuesta a las consultas o cualquier tipo de petici\u00f3n que sea realizada por el usuario a trav\u00e9s de cualquiera de las formas de contacto que se ponen a su disposici\u00f3n en la p\u00e1gina web del responsable.<\/span><span style=\"font-weight: 400;\"><br \/><\/span><span style=\"font-weight: 400;\">(<\/span><i><span style=\"font-weight: 400;\">por el inter\u00e9s leg\u00edtimo del responsable, art. 6.1.f GDPR<\/span><\/i><span style=\"font-weight: 400;\">)<\/span><\/li>\n<li style=\"font-weight: 400;\" aria-level=\"1\"><span style=\"font-weight: 400;\">Enviar comunicacions comercials publicit\u00e0ries per correu electr\u00f2nic, fax, SMS, MMS, xarxes socials o qualsevol altre mitj\u00e0 electr\u00f2nic o f\u00edsic, present o futur, que possibiliti realitzar comunicacions comercials. Aquestes comunicacions seran realitzades pel responsable i estaran relacionades amb els seus productes i serveis, o dels seus col\u00b7laboradors o prove\u00efdors, amb qu\u00e8 aquest hagi assolit algun acord de promoci\u00f3. En aquest cas, els tercers mai no tindran acc\u00e9s a les dades personals.  <\/span><span style=\"font-weight: 400;\"><br \/><\/span><span style=\"font-weight: 400;\">(<\/span><i><span style=\"font-weight: 400;\">pel consentiment de l&#8217;interessat, 6.1.a GDP<\/span><\/i>R<span style=\"font-weight: 400;\">)<\/span><\/li>\n<li style=\"font-weight: 400;\" aria-level=\"1\"><span style=\"font-weight: 400;\">Realizar an\u00e1lisis estad\u00edsticos y estudios de mercado.<\/span><span style=\"font-weight: 400;\"><br \/><\/span><span style=\"font-weight: 400;\">(<\/span><i><span style=\"font-weight: 400;\">por el inter\u00e9s leg\u00edtimo del responsable, art. 6.1.f GDPR<\/span><\/i><span style=\"font-weight: 400;\">)<\/span><\/li>\n<\/ul>\n<p><span style=\"font-weight: 400;\">Al formulari<\/span> <b>Newsletter<\/b><\/p>\n<ul>\n<li style=\"font-weight: 400;\" aria-level=\"1\"><span style=\"font-weight: 400;\">Remitir boletines informativos, novedades, ofertas y promociones online.<\/span><span style=\"font-weight: 400;\"><br \/><\/span><span style=\"font-weight: 400;\">(<\/span><i><span style=\"font-weight: 400;\">por el consentimiento del interesado, 6.1.a GDPR<\/span><\/i><span style=\"font-weight: 400;\">)<\/span><\/li>\n<\/ul>\n<p><span style=\"font-weight: 400;\">Al formulari<\/span> <b>Demana pressupost<\/b><\/p>\n<ul>\n<li style=\"font-weight: 400;\" aria-level=\"1\"><span style=\"font-weight: 400;\">Enviar presupuestos comerciales sobre productos y servicios.<\/span><span style=\"font-weight: 400;\"><br \/><\/span><span style=\"font-weight: 400;\">(<\/span><i><span style=\"font-weight: 400;\">para la ejecuci\u00f3n de un contrato o precontrato, 6.1.b GDPR<\/span><\/i><span style=\"font-weight: 400;\">)<\/span><\/li>\n<li style=\"font-weight: 400;\" aria-level=\"1\"><span style=\"font-weight: 400;\">Enviar comunicacions comercials publicit\u00e0ries per correu electr\u00f2nic, fax, SMS, MMS, xarxes socials o qualsevol altre mitj\u00e0 electr\u00f2nic o f\u00edsic, present o futur, que possibiliti realitzar comunicacions comercials. Aquestes comunicacions seran realitzades pel responsable i estaran relacionades amb els seus productes i serveis, o dels seus col\u00b7laboradors o prove\u00efdors, amb qu\u00e8 aquest hagi assolit algun acord de promoci\u00f3. En aquest cas, els tercers mai no tindran acc\u00e9s a les dades personals.  <\/span><span style=\"font-weight: 400;\"><br \/><\/span><span style=\"font-weight: 400;\">(<\/span><i><span style=\"font-weight: 400;\">pel consentiment de l&#8217;interessat, 6.1.a GDP<\/span><\/i>R<span style=\"font-weight: 400;\">)<\/span><\/li>\n<\/ul>\n<p><b>Durant quant de temps guardarem les teves dades personals?<\/b><\/p>\n<p><span style=\"font-weight: 400;\">Es conservaran durant no m\u00e9s temps del necessari per mantenir la fi del tractament o hi hagi prescripcions legals que dictaminin la seva cust\u00f2dia i quan ja no sigui necessari, se suprimiran amb mesures de seguretat adequades per garantir l&#8217;anonimitzaci\u00f3 de les dades o la destrucci\u00f3 total de els mateixos.<\/span><\/p>\n<p><b>A qui facilitem les teves dades personals?<\/b><\/p>\n<p><span style=\"font-weight: 400;\">No est\u00e0 prevista cap comunicaci\u00f3 de dades personals a tercers llevat, si fos necessari per al desenvolupament i execuci\u00f3 de les finalitats del tractament, als nostres prove\u00efdors de serveis relacionats amb comunicacions, amb els quals el RESPONSABLE t\u00e9 subscrits els contractes de confidencialitat i encarregat de tractament exigits per la normativa vigent de privadesa.<\/span><\/p>\n<p><b>Quins s\u00f3n els teus drets?<\/b><\/p>\n<p><span style=\"font-weight: 400;\">Els drets que assisteixen a l&#8217;USUARI s\u00f3n:<\/span><\/p>\n<ul>\n<li style=\"font-weight: 400;\" aria-level=\"1\"><span style=\"font-weight: 400;\">Dret a retirar el consentiment en qualsevol moment.<\/span><\/li>\n<li style=\"font-weight: 400;\" aria-level=\"1\"><span style=\"font-weight: 400;\">Dret d&#8217;acc\u00e9s, rectificaci\u00f3, portabilitat i supressi\u00f3 de les vostres dades, i de limitaci\u00f3 o oposici\u00f3 al tractament.<\/span><\/li>\n<li style=\"font-weight: 400;\" aria-level=\"1\"><span style=\"font-weight: 400;\">Dret a presentar una reclamaci\u00f3 davant de l&#8217;autoritat de control (www.aepd.es) si considera que el tractament no s&#8217;ajusta a la normativa vigent.<\/span><\/li>\n<\/ul>\n<p><b>Dades de contacte per exercir els seus drets<\/b><span style=\"font-weight: 400;\">:<\/span><\/p>\n<p><span style=\"font-weight: 400;\">MONTEBARCE SL. C\/ Tirso de Molina, 36 A, &#8211; 08940 Cornell\u00e0 de Llobregat (Barcelona) <\/span><\/p>\n<\/p>\n<ol start=\"2\">\n<li><b> CAR\u00c0CTER OBLIGATORI O FACULTATIU DE LA INFORMACI\u00d3 FACILITADA PER L&#8217;USUARI<\/b><\/li>\n<\/ol>\n<p><span style=\"font-weight: 400;\">Els USUARIS, mitjan\u00e7ant la marcaci\u00f3 de les caselles corresponents i l&#8217;entrada de dades als camps, marcats amb un asterisc (*) al formulari de contacte o presentats en formularis de desc\u00e0rrega, accepten expressament i de forma lliure i inequ\u00edvoca, que les seves dades s\u00f3n necessaris per atendre la seva petici\u00f3, per part del prestador, i \u00e9s volunt\u00e0ria la inclusi\u00f3 de dades en els camps restants. L&#8217;USUARI garanteix que les dades personals facilitades al RESPONSABLE s\u00f3n veraces i es fa responsable de comunicar-ne qualsevol modificaci\u00f3. <\/span><\/p>\n<p><span style=\"font-weight: 400;\">El RESPONSABLE informa que totes les dades sol\u00b7licitades a trav\u00e9s del lloc web s\u00f3n obligat\u00f2ries, ja que s\u00f3n necess\u00e0ries per a la prestaci\u00f3 d&#8217;un servei \u00f2ptim a l&#8217;USUARI. En cas que no es facilitin totes les dades, no es garanteix que la informaci\u00f3 i els serveis facilitats siguin completament ajustats a les seves necessitats. <\/span><\/p>\n<\/p>\n<ol start=\"3\">\n<li><b> MESURES DE SEGURETAT<\/b><\/li>\n<\/ol>\n<p><span style=\"font-weight: 400;\">Que de conformitat amb el que disposen les normatives vigents en protecci\u00f3 de dades personals, el RESPONSABLE est\u00e0 complint amb totes les disposicions de les normatives GDPR i LOPDGDD per al tractament de les dades personals de la seva responsabilitat, i manifestament amb els principis descrits a l&#8217;article 5 del GDPR, pels quals s\u00f3n tractats de manera l\u00edcita, lleial i transparent en relaci\u00f3 amb l&#8217;interessat i adequats, pertinents i limitats a all\u00f2 necessari en relaci\u00f3 amb els fins per als quals s\u00f3n tractats.<\/span><\/p>\n<p><span style=\"font-weight: 400;\">El RESPONSABLE garanteix que ha implementat pol\u00edtiques t\u00e8cniques i organitzatives apropiades per aplicar les mesures de seguretat que estableixen el GDPR i la LOPDGDD per tal de protegir els drets i les llibertats dels USUARIS i els ha comunicat la informaci\u00f3 adequada perqu\u00e8 puguin exercir-los.<\/span><\/p>\n<p><span style=\"font-weight: 400;\">Per a m\u00e9s informaci\u00f3 sobre les garanties de privadesa, pots adre\u00e7ar-te al RESPONSABLE a trav\u00e9s de MONTEBARCE SL. C\/ Tirso de Molina, 36 A, &#8211; 08940 Cornell\u00e0 de Llobregat (Barcelona) <\/span><\/p>\n\t\t\t\t\t\t\t\t<\/div>\n\t\t\t\t<\/div>\n\t\t\t\t\t<\/div>\n\t\t\t\t<\/div>\n\t\t\t\t<\/div>\n\t\t","protected":false},"excerpt":{"rendered":"<p>Pol\u00edtica de Privadesa Grafiks Pol\u00edtica de Privadesa INFORMACI\u00d3 A L&#8217;USUARI Qui \u00e9s el responsable del tractament de les teves dades personals? MONTEBARCE SL \u00e9s el RESPONSABLE del tractament de les dades personals de l&#8217;USUARI i us informa que aquestes dades seran tractades de conformitat amb el que disposa el Reglament (UE) 2016\/679, de 27 d&#8217;abril [&hellip;]<\/p>\n","protected":false},"author":2,"featured_media":2757,"parent":0,"menu_order":0,"comment_status":"closed","ping_status":"closed","template":"","meta":{"_joinchat":[],"footnotes":""},"class_list":["post-3055","page","type-page","status-publish","has-post-thumbnail","hentry"],"yoast_head":"<!-- This site is optimized with the Yoast SEO plugin v27.3 - https:\/\/yoast.com\/product\/yoast-seo-wordpress\/ -->\n<title>Pol\u00edtica de Privadesa - Grafiks<\/title>\n<meta name=\"description\" content=\"Pol\u00edtica de Privadesa Grafiks Pol\u00edtica de Privadesa INFORMACI\u00d3 A L&#039;USUARI Qui \u00e9s el responsable del tractament de les teves dades personals? MONTEBARCE SL\" \/>\n<meta name=\"robots\" content=\"noindex, follow\" \/>\n<meta property=\"og:locale\" content=\"ca_ES\" \/>\n<meta property=\"og:type\" content=\"article\" \/>\n<meta property=\"og:title\" content=\"Pol\u00edtica de Privadesa - Grafiks\" \/>\n<meta property=\"og:description\" content=\"Pol\u00edtica de Privadesa Grafiks Pol\u00edtica de Privadesa INFORMACI\u00d3 A L&#039;USUARI Qui \u00e9s el responsable del tractament de les teves dades personals? MONTEBARCE SL\" \/>\n<meta property=\"og:url\" content=\"https:\/\/grafiksestudio.com\/ca\/politica-de-privadesa\/\" \/>\n<meta property=\"og:site_name\" content=\"Grafiks\" \/>\n<meta property=\"article:publisher\" content=\"https:\/\/www.facebook.com\/GFKGrafiksestudio\" \/>\n<meta property=\"article:modified_time\" content=\"2024-09-25T13:25:24+00:00\" \/>\n<meta property=\"og:image\" content=\"https:\/\/grafiksestudio.com\/wp-content\/uploads\/2024\/04\/Diseno-sin-titulo-e1712829948275.jpg\" \/>\n\t<meta property=\"og:image:width\" content=\"723\" \/>\n\t<meta property=\"og:image:height\" content=\"723\" \/>\n\t<meta property=\"og:image:type\" content=\"image\/jpeg\" \/>\n<meta name=\"twitter:card\" content=\"summary_large_image\" \/>\n<meta name=\"twitter:label1\" content=\"Temps estimat de lectura\" \/>\n\t<meta name=\"twitter:data1\" content=\"5 minuts\" \/>\n<script type=\"application\/ld+json\" class=\"yoast-schema-graph\">{\"@context\":\"https:\\\/\\\/schema.org\",\"@graph\":[{\"@type\":\"WebPage\",\"@id\":\"https:\\\/\\\/grafiksestudio.com\\\/ca\\\/politica-de-privadesa\\\/\",\"url\":\"https:\\\/\\\/grafiksestudio.com\\\/ca\\\/politica-de-privadesa\\\/\",\"name\":\"Pol\u00edtica de Privadesa - Grafiks\",\"isPartOf\":{\"@id\":\"https:\\\/\\\/grafiksestudio.com\\\/ca\\\/#website\"},\"primaryImageOfPage\":{\"@id\":\"https:\\\/\\\/grafiksestudio.com\\\/ca\\\/politica-de-privadesa\\\/#primaryimage\"},\"image\":{\"@id\":\"https:\\\/\\\/grafiksestudio.com\\\/ca\\\/politica-de-privadesa\\\/#primaryimage\"},\"thumbnailUrl\":\"https:\\\/\\\/grafiksestudio.com\\\/wp-content\\\/uploads\\\/2024\\\/04\\\/Diseno-sin-titulo-e1712829948275.jpg\",\"datePublished\":\"2024-04-12T11:00:31+00:00\",\"dateModified\":\"2024-09-25T13:25:24+00:00\",\"description\":\"Pol\u00edtica de Privadesa Grafiks Pol\u00edtica de Privadesa INFORMACI\u00d3 A L'USUARI Qui \u00e9s el responsable del tractament de les teves dades personals? MONTEBARCE SL\",\"breadcrumb\":{\"@id\":\"https:\\\/\\\/grafiksestudio.com\\\/ca\\\/politica-de-privadesa\\\/#breadcrumb\"},\"inLanguage\":\"ca\",\"potentialAction\":[{\"@type\":\"ReadAction\",\"target\":[\"https:\\\/\\\/grafiksestudio.com\\\/ca\\\/politica-de-privadesa\\\/\"]}]},{\"@type\":\"ImageObject\",\"inLanguage\":\"ca\",\"@id\":\"https:\\\/\\\/grafiksestudio.com\\\/ca\\\/politica-de-privadesa\\\/#primaryimage\",\"url\":\"https:\\\/\\\/grafiksestudio.com\\\/wp-content\\\/uploads\\\/2024\\\/04\\\/Diseno-sin-titulo-e1712829948275.jpg\",\"contentUrl\":\"https:\\\/\\\/grafiksestudio.com\\\/wp-content\\\/uploads\\\/2024\\\/04\\\/Diseno-sin-titulo-e1712829948275.jpg\",\"width\":723,\"height\":723},{\"@type\":\"BreadcrumbList\",\"@id\":\"https:\\\/\\\/grafiksestudio.com\\\/ca\\\/politica-de-privadesa\\\/#breadcrumb\",\"itemListElement\":[{\"@type\":\"ListItem\",\"position\":1,\"name\":\"Portada\",\"item\":\"https:\\\/\\\/grafiksestudio.com\\\/ca\\\/home\\\/\"},{\"@type\":\"ListItem\",\"position\":2,\"name\":\"Pol\u00edtica de Privadesa\"}]},{\"@type\":\"WebSite\",\"@id\":\"https:\\\/\\\/grafiksestudio.com\\\/ca\\\/#website\",\"url\":\"https:\\\/\\\/grafiksestudio.com\\\/ca\\\/\",\"name\":\"Grafiks\",\"description\":\"Servicios integrales de rotulaci\u00f3n\",\"publisher\":{\"@id\":\"https:\\\/\\\/grafiksestudio.com\\\/ca\\\/#organization\"},\"alternateName\":\"Grafiks\",\"potentialAction\":[{\"@type\":\"SearchAction\",\"target\":{\"@type\":\"EntryPoint\",\"urlTemplate\":\"https:\\\/\\\/grafiksestudio.com\\\/ca\\\/?s={search_term_string}\"},\"query-input\":{\"@type\":\"PropertyValueSpecification\",\"valueRequired\":true,\"valueName\":\"search_term_string\"}}],\"inLanguage\":\"ca\"},{\"@type\":\"Organization\",\"@id\":\"https:\\\/\\\/grafiksestudio.com\\\/ca\\\/#organization\",\"name\":\"Grafiks\",\"alternateName\":\"Grafiks\",\"url\":\"https:\\\/\\\/grafiksestudio.com\\\/ca\\\/\",\"logo\":{\"@type\":\"ImageObject\",\"inLanguage\":\"ca\",\"@id\":\"https:\\\/\\\/grafiksestudio.com\\\/ca\\\/#\\\/schema\\\/logo\\\/image\\\/\",\"url\":\"https:\\\/\\\/grafiksestudio.com\\\/wp-content\\\/uploads\\\/2024\\\/04\\\/BL_LOGO_GRAFIKS20_WEB-listo.png\",\"contentUrl\":\"https:\\\/\\\/grafiksestudio.com\\\/wp-content\\\/uploads\\\/2024\\\/04\\\/BL_LOGO_GRAFIKS20_WEB-listo.png\",\"width\":600,\"height\":93,\"caption\":\"Grafiks\"},\"image\":{\"@id\":\"https:\\\/\\\/grafiksestudio.com\\\/ca\\\/#\\\/schema\\\/logo\\\/image\\\/\"},\"sameAs\":[\"https:\\\/\\\/www.facebook.com\\\/GFKGrafiksestudio\",\"https:\\\/\\\/www.instagram.com\\\/grafiksestudio\\\/\",\"https:\\\/\\\/www.linkedin.com\\\/company\\\/grafiks-estudio\\\/\",\"https:\\\/\\\/www.tiktok.com\\\/@grafiksestudio\"]}]}<\/script>\n<!-- \/ Yoast SEO plugin. -->","yoast_head_json":{"title":"Pol\u00edtica de Privadesa - Grafiks","description":"Pol\u00edtica de Privadesa Grafiks Pol\u00edtica de Privadesa INFORMACI\u00d3 A L'USUARI Qui \u00e9s el responsable del tractament de les teves dades personals? MONTEBARCE SL","robots":{"index":"noindex","follow":"follow"},"og_locale":"ca_ES","og_type":"article","og_title":"Pol\u00edtica de Privadesa - Grafiks","og_description":"Pol\u00edtica de Privadesa Grafiks Pol\u00edtica de Privadesa INFORMACI\u00d3 A L'USUARI Qui \u00e9s el responsable del tractament de les teves dades personals? MONTEBARCE SL","og_url":"https:\/\/grafiksestudio.com\/ca\/politica-de-privadesa\/","og_site_name":"Grafiks","article_publisher":"https:\/\/www.facebook.com\/GFKGrafiksestudio","article_modified_time":"2024-09-25T13:25:24+00:00","og_image":[{"width":723,"height":723,"url":"https:\/\/grafiksestudio.com\/wp-content\/uploads\/2024\/04\/Diseno-sin-titulo-e1712829948275.jpg","type":"image\/jpeg"}],"twitter_card":"summary_large_image","twitter_misc":{"Temps estimat de lectura":"5 minuts"},"schema":{"@context":"https:\/\/schema.org","@graph":[{"@type":"WebPage","@id":"https:\/\/grafiksestudio.com\/ca\/politica-de-privadesa\/","url":"https:\/\/grafiksestudio.com\/ca\/politica-de-privadesa\/","name":"Pol\u00edtica de Privadesa - Grafiks","isPartOf":{"@id":"https:\/\/grafiksestudio.com\/ca\/#website"},"primaryImageOfPage":{"@id":"https:\/\/grafiksestudio.com\/ca\/politica-de-privadesa\/#primaryimage"},"image":{"@id":"https:\/\/grafiksestudio.com\/ca\/politica-de-privadesa\/#primaryimage"},"thumbnailUrl":"https:\/\/grafiksestudio.com\/wp-content\/uploads\/2024\/04\/Diseno-sin-titulo-e1712829948275.jpg","datePublished":"2024-04-12T11:00:31+00:00","dateModified":"2024-09-25T13:25:24+00:00","description":"Pol\u00edtica de Privadesa Grafiks Pol\u00edtica de Privadesa INFORMACI\u00d3 A L'USUARI Qui \u00e9s el responsable del tractament de les teves dades personals? MONTEBARCE SL","breadcrumb":{"@id":"https:\/\/grafiksestudio.com\/ca\/politica-de-privadesa\/#breadcrumb"},"inLanguage":"ca","potentialAction":[{"@type":"ReadAction","target":["https:\/\/grafiksestudio.com\/ca\/politica-de-privadesa\/"]}]},{"@type":"ImageObject","inLanguage":"ca","@id":"https:\/\/grafiksestudio.com\/ca\/politica-de-privadesa\/#primaryimage","url":"https:\/\/grafiksestudio.com\/wp-content\/uploads\/2024\/04\/Diseno-sin-titulo-e1712829948275.jpg","contentUrl":"https:\/\/grafiksestudio.com\/wp-content\/uploads\/2024\/04\/Diseno-sin-titulo-e1712829948275.jpg","width":723,"height":723},{"@type":"BreadcrumbList","@id":"https:\/\/grafiksestudio.com\/ca\/politica-de-privadesa\/#breadcrumb","itemListElement":[{"@type":"ListItem","position":1,"name":"Portada","item":"https:\/\/grafiksestudio.com\/ca\/home\/"},{"@type":"ListItem","position":2,"name":"Pol\u00edtica de Privadesa"}]},{"@type":"WebSite","@id":"https:\/\/grafiksestudio.com\/ca\/#website","url":"https:\/\/grafiksestudio.com\/ca\/","name":"Grafiks","description":"Servicios integrales de rotulaci\u00f3n","publisher":{"@id":"https:\/\/grafiksestudio.com\/ca\/#organization"},"alternateName":"Grafiks","potentialAction":[{"@type":"SearchAction","target":{"@type":"EntryPoint","urlTemplate":"https:\/\/grafiksestudio.com\/ca\/?s={search_term_string}"},"query-input":{"@type":"PropertyValueSpecification","valueRequired":true,"valueName":"search_term_string"}}],"inLanguage":"ca"},{"@type":"Organization","@id":"https:\/\/grafiksestudio.com\/ca\/#organization","name":"Grafiks","alternateName":"Grafiks","url":"https:\/\/grafiksestudio.com\/ca\/","logo":{"@type":"ImageObject","inLanguage":"ca","@id":"https:\/\/grafiksestudio.com\/ca\/#\/schema\/logo\/image\/","url":"https:\/\/grafiksestudio.com\/wp-content\/uploads\/2024\/04\/BL_LOGO_GRAFIKS20_WEB-listo.png","contentUrl":"https:\/\/grafiksestudio.com\/wp-content\/uploads\/2024\/04\/BL_LOGO_GRAFIKS20_WEB-listo.png","width":600,"height":93,"caption":"Grafiks"},"image":{"@id":"https:\/\/grafiksestudio.com\/ca\/#\/schema\/logo\/image\/"},"sameAs":["https:\/\/www.facebook.com\/GFKGrafiksestudio","https:\/\/www.instagram.com\/grafiksestudio\/","https:\/\/www.linkedin.com\/company\/grafiks-estudio\/","https:\/\/www.tiktok.com\/@grafiksestudio"]}]}},"_links":{"self":[{"href":"https:\/\/grafiksestudio.com\/ca\/wp-json\/wp\/v2\/pages\/3055","targetHints":{"allow":["GET"]}}],"collection":[{"href":"https:\/\/grafiksestudio.com\/ca\/wp-json\/wp\/v2\/pages"}],"about":[{"href":"https:\/\/grafiksestudio.com\/ca\/wp-json\/wp\/v2\/types\/page"}],"author":[{"embeddable":true,"href":"https:\/\/grafiksestudio.com\/ca\/wp-json\/wp\/v2\/users\/2"}],"replies":[{"embeddable":true,"href":"https:\/\/grafiksestudio.com\/ca\/wp-json\/wp\/v2\/comments?post=3055"}],"version-history":[{"count":0,"href":"https:\/\/grafiksestudio.com\/ca\/wp-json\/wp\/v2\/pages\/3055\/revisions"}],"wp:featuredmedia":[{"embeddable":true,"href":"https:\/\/grafiksestudio.com\/ca\/wp-json\/wp\/v2\/media\/2757"}],"wp:attachment":[{"href":"https:\/\/grafiksestudio.com\/ca\/wp-json\/wp\/v2\/media?parent=3055"}],"curies":[{"name":"wp","href":"https:\/\/api.w.org\/{rel}","templated":true}]}}